{"id":3846,"date":"2022-05-31T09:16:40","date_gmt":"2022-05-31T07:16:40","guid":{"rendered":"https:\/\/faaborgbyferie.dk\/faaborg-hostel-im-herzen-von-faaborg-auf-suedfuenen\/"},"modified":"2022-10-20T09:27:53","modified_gmt":"2022-10-20T07:27:53","slug":"herberge","status":"publish","type":"page","link":"https:\/\/faaborgbyferie.dk\/de\/herberge\/","title":{"rendered":"Herberge"},"content":{"rendered":"<section class=\"wpb-content-wrapper\"><p>[vc_row full_width=&#8220;stretch_row_content&#8220; el_class=&#8220;stretch-full&#8220;][vc_column]<div class=\"ult-spacer spacer-69ea534678be9\" data-id=\"69ea534678be9\" data-height=\"90\" data-height-mobile=\"60\" data-height-tab=\"90\" data-height-tab-portrait=\"60\" data-height-mobile-landscape=\"60\" style=\"clear:both;display:block;\"><\/div>[vc_row_inner content_placement=&#8220;middle&#8220; el_class=&#8220;reverse&#8220;][vc_column_inner offset=&#8220;vc_col-lg-4 vc_col-md-4 vc_col-xs-12&#8243;][vc_media_grid element_width=&#8220;12&#8243; gap=&#8220;0&#8243; grid_id=&#8220;vc_gid:1656488479966-2eae7db1-e700-4&#8243; include=&#8220;3388&#8243; el_class=&#8220;single-img&#8220;][\/vc_column_inner][vc_column_inner offset=&#8220;vc_col-lg-8 vc_col-md-8 vc_col-xs-12&#8243;][vc_column_text el_class=&#8220;cta&#8220;]<\/p>\n<h2>Willkommen bei Vandrehjem FAABORG auf Sydfyn<\/h2>\n<p><em>fr\u00fcher auch bekannt als DANHOSTEL FAABORG Hostel<\/em><\/p>\n<p>Sie m\u00f6chten in Faaborg bleiben und suchen deshalb eine Unterkunft? Ob Sie eine Familie, eine gr\u00f6\u00dfere Gruppe oder eine Lagerschule sind, Sie sind immer willkommen bei Vandrehjem Faaborg auf Sydfyn.<\/p>\n<p>Nach einer umfassenden Renovierung freuen wir uns, unsere G\u00e4ste in unserem sehr sch\u00f6nen, modernen und nicht zuletzt gem\u00fctlichen Ambiente begr\u00fc\u00dfen zu d\u00fcrfen. Am Fu\u00dfe des Svanninge Bakker direkt am Wasser liegt Faaborg, eine der \u00e4ltesten und sch\u00f6nsten Handelsst\u00e4dte des Landes. Mitten in der Stadt befindet sich die Herberge in 2 gut erhaltenen und wundersch\u00f6nen Geb\u00e4uden aus dem Ende des 19. Jahrhunderts.<\/p>\n<p>Die beiden denkmalgesch\u00fctzten Geb\u00e4ude wurden urspr\u00fcnglich als Armenhaus\/Badeanstalt erbaut und strahlen eine gem\u00fctliche und sch\u00f6ne Atmosph\u00e4re aus. Die fantastische Natur und das F\u00fcnen-Archipel liegen direkt vor der T\u00fcr.<\/p>\n<p>Sch\u00f6ne und freundliche Umgebung, eigenes Haus f\u00fcr die einzelne Lagerschule oder Gruppe. Kurze Entfernung zur Stadt, zum Hafen, F\u00e4hren zu den S\u00fcdf\u00fcnischen Inseln, leckeres Hafenbad, sch\u00f6ner Strand, Kino, leckere Caf\u00e9s und Restaurants, Wald- und Naturgebiet, Naturspielplatz, Schwimmbad mit Warmwasserbecken, Kinderbecken mit Rutsche, 1 und 3 mit Wippe.<\/p>\n<h3>Kontakt uns<\/h3>\n<p>Wenn Sie weitere Informationen \u00fcber unser Hostel in Faaborg auf Sydfyn w\u00fcnschen, k\u00f6nnen Sie uns gerne telefonisch unter <a href=\"tel:22130651\">22 13 06 51<\/a> kontaktieren oder uns eine E-Mail an <a href=\"mailto:kontakt@faaborgbyferie.dk\">kontakt@faaborgbyferie.dk<\/a> senden. Gerne k\u00f6nnen Sie auch unser <a href=\"https:\/\/faaborgbyferie.dk\/de\/kontakt\/\">Kontaktformular<\/a> ausf\u00fcllen. Dann werden wir so schnell wie m\u00f6glich zur\u00fcckkehren.[\/vc_column_text]<div class=\"ult-spacer spacer-69ea534678c41\" data-id=\"69ea534678c41\" data-height=\"0\" data-height-mobile=\"60\" data-height-tab=\"0\" data-height-tab-portrait=\"60\" data-height-mobile-landscape=\"60\" style=\"clear:both;display:block;\"><\/div>[\/vc_column_inner][\/vc_row_inner]<div class=\"ult-spacer spacer-69ea534678c65\" data-id=\"69ea534678c65\" data-height=\"90\" data-height-mobile=\"60\" data-height-tab=\"90\" data-height-tab-portrait=\"60\" data-height-mobile-landscape=\"60\" style=\"clear:both;display:block;\"><\/div>[\/vc_column][\/vc_row]<\/p>\n<\/section>","protected":false},"excerpt":{"rendered":"<p>[vc_row full_width=&#8220;stretch_row_content&#8220; el_class=&#8220;stretch-full&#8220;][vc_column][vc_row_inner content_placement=&#8220;middle&#8220; el_class=&#8220;reverse&#8220;][vc_column_inner offset=&#8220;vc_col-lg-4 vc_col-md-4 vc_col-xs-12&#8243;][vc_media_grid element_width=&#8220;12&#8243; gap=&#8220;0&#8243; grid_id=&#8220;vc_gid:1656488479966-2eae7db1-e700-4&#8243; include=&#8220;3388&#8243; el_class=&#8220;single-img&#8220;][\/vc_column_inner][vc_column_inner offset=&#8220;vc_col-lg-8 vc_col-md-8 vc_col-xs-12&#8243;][vc_column_text el_class=&#8220;cta&#8220;] Willkommen bei Vandrehjem FAABORG auf Sydfyn fr\u00fcher auch bekannt als DANHOSTEL FAABORG Hostel Sie m\u00f6chten in Faaborg bleiben und suchen deshalb eine Unterkunft? Ob Sie eine Familie, eine gr\u00f6\u00dfere Gruppe oder eine Lagerschule sind, Sie sind immer willkommen &#8230; <a title=\"Herberge\" class=\"read-more\" href=\"https:\/\/faaborgbyferie.dk\/de\/herberge\/\" aria-label=\"Mehr zu Herberge\">Weiterlesen &#8230;<\/a><\/p>\n","protected":false},"author":1,"featured_media":0,"parent":0,"menu_order":0,"comment_status":"closed","ping_status":"closed","template":"","meta":{"_acf_changed":false,"footnotes":""},"categories":[],"class_list":["post-3846","page","type-page","status-publish"],"acf":[],"yoast_head":"<!-- This site is optimized with the Yoast SEO plugin v27.2 - https:\/\/yoast.com\/product\/yoast-seo-wordpress\/ -->\n<title>Herberge in Faaborg, S\u00fcdf\u00fcnen<\/title>\n<meta name=\"description\" content=\"Buchen Sie Ihren n\u00e4chsten Urlaub oder Ihre n\u00e4chste Lagerschule in unserem Hostel in Faaborg, Sydfyn. Zentrale Lage mit Gehentfernung zum Hafen, Stadt und Strand.\" \/>\n<meta name=\"robots\" content=\"index, follow, max-snippet:-1, max-image-preview:large, max-video-preview:-1\" \/>\n<link rel=\"canonical\" href=\"https:\/\/faaborgbyferie.dk\/de\/herberge\/\" \/>\n<meta property=\"og:locale\" content=\"de_DE\" \/>\n<meta property=\"og:type\" content=\"article\" \/>\n<meta property=\"og:title\" content=\"Herberge in Faaborg, S\u00fcdf\u00fcnen\" \/>\n<meta property=\"og:description\" content=\"Buchen Sie Ihren n\u00e4chsten Urlaub oder Ihre n\u00e4chste Lagerschule in unserem Hostel in Faaborg, Sydfyn. Zentrale Lage mit Gehentfernung zum Hafen, Stadt und Strand.\" \/>\n<meta property=\"og:url\" content=\"https:\/\/faaborgbyferie.dk\/de\/herberge\/\" \/>\n<meta property=\"og:site_name\" content=\"Faaborg Byferie\" \/>\n<meta property=\"article:modified_time\" content=\"2022-10-20T07:27:53+00:00\" \/>\n<meta name=\"twitter:card\" content=\"summary_large_image\" \/>\n<meta name=\"twitter:label1\" content=\"Gesch\u00e4tzte Lesezeit\" \/>\n\t<meta name=\"twitter:data1\" content=\"2\u00a0Minuten\" \/>\n<script type=\"application\/ld+json\" class=\"yoast-schema-graph\">{\"@context\":\"https:\/\/schema.org\",\"@graph\":[{\"@type\":\"WebPage\",\"@id\":\"https:\/\/faaborgbyferie.dk\/de\/herberge\/\",\"url\":\"https:\/\/faaborgbyferie.dk\/de\/herberge\/\",\"name\":\"Herberge in Faaborg, S\u00fcdf\u00fcnen\",\"isPartOf\":{\"@id\":\"https:\/\/faaborgbyferie.dk\/de\/#website\"},\"datePublished\":\"2022-05-31T07:16:40+00:00\",\"dateModified\":\"2022-10-20T07:27:53+00:00\",\"description\":\"Buchen Sie Ihren n\u00e4chsten Urlaub oder Ihre n\u00e4chste Lagerschule in unserem Hostel in Faaborg, Sydfyn. Zentrale Lage mit Gehentfernung zum Hafen, Stadt und Strand.\",\"breadcrumb\":{\"@id\":\"https:\/\/faaborgbyferie.dk\/de\/herberge\/#breadcrumb\"},\"inLanguage\":\"de\",\"potentialAction\":[{\"@type\":\"ReadAction\",\"target\":[\"https:\/\/faaborgbyferie.dk\/de\/herberge\/\"]}]},{\"@type\":\"BreadcrumbList\",\"@id\":\"https:\/\/faaborgbyferie.dk\/de\/herberge\/#breadcrumb\",\"itemListElement\":[{\"@type\":\"ListItem\",\"position\":1,\"name\":\"Hjem\",\"item\":\"https:\/\/faaborgbyferie.dk\/de\/\"},{\"@type\":\"ListItem\",\"position\":2,\"name\":\"Herberge\"}]},{\"@type\":\"WebSite\",\"@id\":\"https:\/\/faaborgbyferie.dk\/de\/#website\",\"url\":\"https:\/\/faaborgbyferie.dk\/de\/\",\"name\":\"Faaborg Byferie\",\"description\":\"Hotel og vandrehjem i Faaborg p\u00e5 Sydfyn\",\"publisher\":{\"@id\":\"https:\/\/faaborgbyferie.dk\/de\/#organization\"},\"potentialAction\":[{\"@type\":\"SearchAction\",\"target\":{\"@type\":\"EntryPoint\",\"urlTemplate\":\"https:\/\/faaborgbyferie.dk\/de\/?s={search_term_string}\"},\"query-input\":{\"@type\":\"PropertyValueSpecification\",\"valueRequired\":true,\"valueName\":\"search_term_string\"}}],\"inLanguage\":\"de\"},{\"@type\":\"Organization\",\"@id\":\"https:\/\/faaborgbyferie.dk\/de\/#organization\",\"name\":\"Faaborg Byferie\",\"url\":\"https:\/\/faaborgbyferie.dk\/de\/\",\"logo\":{\"@type\":\"ImageObject\",\"inLanguage\":\"de\",\"@id\":\"https:\/\/faaborgbyferie.dk\/de\/#\/schema\/logo\/image\/\",\"url\":\"https:\/\/faaborgbyferie.dk\/wp-content\/uploads\/2024\/05\/faaborg-byferie-colour-300.png\",\"contentUrl\":\"https:\/\/faaborgbyferie.dk\/wp-content\/uploads\/2024\/05\/faaborg-byferie-colour-300.png\",\"width\":1701,\"height\":1122,\"caption\":\"Faaborg Byferie\"},\"image\":{\"@id\":\"https:\/\/faaborgbyferie.dk\/de\/#\/schema\/logo\/image\/\"}}]}<\/script>\n<!-- \/ Yoast SEO plugin. -->","yoast_head_json":{"title":"Herberge in Faaborg, S\u00fcdf\u00fcnen","description":"Buchen Sie Ihren n\u00e4chsten Urlaub oder Ihre n\u00e4chste Lagerschule in unserem Hostel in Faaborg, Sydfyn. Zentrale Lage mit Gehentfernung zum Hafen, Stadt und Strand.","robots":{"index":"index","follow":"follow","max-snippet":"max-snippet:-1","max-image-preview":"max-image-preview:large","max-video-preview":"max-video-preview:-1"},"canonical":"https:\/\/faaborgbyferie.dk\/de\/herberge\/","og_locale":"de_DE","og_type":"article","og_title":"Herberge in Faaborg, S\u00fcdf\u00fcnen","og_description":"Buchen Sie Ihren n\u00e4chsten Urlaub oder Ihre n\u00e4chste Lagerschule in unserem Hostel in Faaborg, Sydfyn. Zentrale Lage mit Gehentfernung zum Hafen, Stadt und Strand.","og_url":"https:\/\/faaborgbyferie.dk\/de\/herberge\/","og_site_name":"Faaborg Byferie","article_modified_time":"2022-10-20T07:27:53+00:00","twitter_card":"summary_large_image","twitter_misc":{"Gesch\u00e4tzte Lesezeit":"2\u00a0Minuten"},"schema":{"@context":"https:\/\/schema.org","@graph":[{"@type":"WebPage","@id":"https:\/\/faaborgbyferie.dk\/de\/herberge\/","url":"https:\/\/faaborgbyferie.dk\/de\/herberge\/","name":"Herberge in Faaborg, S\u00fcdf\u00fcnen","isPartOf":{"@id":"https:\/\/faaborgbyferie.dk\/de\/#website"},"datePublished":"2022-05-31T07:16:40+00:00","dateModified":"2022-10-20T07:27:53+00:00","description":"Buchen Sie Ihren n\u00e4chsten Urlaub oder Ihre n\u00e4chste Lagerschule in unserem Hostel in Faaborg, Sydfyn. Zentrale Lage mit Gehentfernung zum Hafen, Stadt und Strand.","breadcrumb":{"@id":"https:\/\/faaborgbyferie.dk\/de\/herberge\/#breadcrumb"},"inLanguage":"de","potentialAction":[{"@type":"ReadAction","target":["https:\/\/faaborgbyferie.dk\/de\/herberge\/"]}]},{"@type":"BreadcrumbList","@id":"https:\/\/faaborgbyferie.dk\/de\/herberge\/#breadcrumb","itemListElement":[{"@type":"ListItem","position":1,"name":"Hjem","item":"https:\/\/faaborgbyferie.dk\/de\/"},{"@type":"ListItem","position":2,"name":"Herberge"}]},{"@type":"WebSite","@id":"https:\/\/faaborgbyferie.dk\/de\/#website","url":"https:\/\/faaborgbyferie.dk\/de\/","name":"Faaborg Byferie","description":"Hotel og vandrehjem i Faaborg p\u00e5 Sydfyn","publisher":{"@id":"https:\/\/faaborgbyferie.dk\/de\/#organization"},"potentialAction":[{"@type":"SearchAction","target":{"@type":"EntryPoint","urlTemplate":"https:\/\/faaborgbyferie.dk\/de\/?s={search_term_string}"},"query-input":{"@type":"PropertyValueSpecification","valueRequired":true,"valueName":"search_term_string"}}],"inLanguage":"de"},{"@type":"Organization","@id":"https:\/\/faaborgbyferie.dk\/de\/#organization","name":"Faaborg Byferie","url":"https:\/\/faaborgbyferie.dk\/de\/","logo":{"@type":"ImageObject","inLanguage":"de","@id":"https:\/\/faaborgbyferie.dk\/de\/#\/schema\/logo\/image\/","url":"https:\/\/faaborgbyferie.dk\/wp-content\/uploads\/2024\/05\/faaborg-byferie-colour-300.png","contentUrl":"https:\/\/faaborgbyferie.dk\/wp-content\/uploads\/2024\/05\/faaborg-byferie-colour-300.png","width":1701,"height":1122,"caption":"Faaborg Byferie"},"image":{"@id":"https:\/\/faaborgbyferie.dk\/de\/#\/schema\/logo\/image\/"}}]}},"_links":{"self":[{"href":"https:\/\/faaborgbyferie.dk\/de\/wp-json\/wp\/v2\/pages\/3846","targetHints":{"allow":["GET"]}}],"collection":[{"href":"https:\/\/faaborgbyferie.dk\/de\/wp-json\/wp\/v2\/pages"}],"about":[{"href":"https:\/\/faaborgbyferie.dk\/de\/wp-json\/wp\/v2\/types\/page"}],"author":[{"embeddable":true,"href":"https:\/\/faaborgbyferie.dk\/de\/wp-json\/wp\/v2\/users\/1"}],"replies":[{"embeddable":true,"href":"https:\/\/faaborgbyferie.dk\/de\/wp-json\/wp\/v2\/comments?post=3846"}],"version-history":[{"count":6,"href":"https:\/\/faaborgbyferie.dk\/de\/wp-json\/wp\/v2\/pages\/3846\/revisions"}],"predecessor-version":[{"id":3880,"href":"https:\/\/faaborgbyferie.dk\/de\/wp-json\/wp\/v2\/pages\/3846\/revisions\/3880"}],"wp:attachment":[{"href":"https:\/\/faaborgbyferie.dk\/de\/wp-json\/wp\/v2\/media?parent=3846"}],"wp:term":[{"taxonomy":"category","embeddable":true,"href":"https:\/\/faaborgbyferie.dk\/de\/wp-json\/wp\/v2\/categories?post=3846"}],"curies":[{"name":"wp","href":"https:\/\/api.w.org\/{rel}","templated":true}]}}