{"id":3834,"date":"2022-04-07T10:27:21","date_gmt":"2022-04-07T08:27:21","guid":{"rendered":"https:\/\/faaborgbyferie.dk\/golfaufenthalt\/"},"modified":"2022-10-20T08:59:58","modified_gmt":"2022-10-20T06:59:58","slug":"golfaufenthalt","status":"publish","type":"page","link":"https:\/\/faaborgbyferie.dk\/de\/golfaufenthalt\/","title":{"rendered":"Golfaufenthalt"},"content":{"rendered":"<section class=\"wpb-content-wrapper\"><p>[vc_row full_width=&#8220;stretch_row_content&#8220; el_class=&#8220;stretch-full&#8220;][vc_column]<div class=\"ult-spacer spacer-69ea99deda71f\" data-id=\"69ea99deda71f\" data-height=\"90\" data-height-mobile=\"60\" data-height-tab=\"90\" data-height-tab-portrait=\"60\" data-height-mobile-landscape=\"60\" style=\"clear:both;display:block;\"><\/div>[vc_row_inner content_placement=&#8220;middle&#8220; el_class=&#8220;reverse&#8220;][vc_column_inner offset=&#8220;vc_col-lg-4 vc_col-md-4 vc_col-xs-12&#8243;][vc_media_grid element_width=&#8220;12&#8243; gap=&#8220;0&#8243; grid_id=&#8220;vc_gid:1649337365817-88d70cc6-1ac1-0&#8243; include=&#8220;3344&#8243; el_class=&#8220;single-img&#8220;][\/vc_column_inner][vc_column_inner offset=&#8220;vc_col-lg-8 vc_col-md-8 vc_col-xs-12&#8243;][vc_column_text el_class=&#8220;cta&#8220;]<\/p>\n<h2>Lesen Sie mehr hier<\/h2>\n<ul>\n<li>Faaborg Byferie verf\u00fcgt \u00fcber Zimmer und Apartments mit eigenem Bad und WC, voll ausgestatteter Trinette-K\u00fcche und K\u00fchlschrank<\/li>\n<li>Inkl. Bettw\u00e4sche, Handt\u00fccher und Endreinigung<\/li>\n<li>Fr\u00fchst\u00fccksbuffet oder Fr\u00fchst\u00fcckspaket f\u00fcr das Zimmer<\/li>\n<li>Mit einem Fr\u00fchst\u00fcckspaket f\u00fcrs Zimmer k\u00f6nnen Sie so fr\u00fch fr\u00fchst\u00fccken, wie Sie m\u00f6chten, bestehend aus:<br \/>\nKaffee\/Tee, Milch, Joghurt, Haferflocken, Eier, Roggenbrot, Br\u00f6tchen, Butter, K\u00e4se, Marmelade und frisches Obst<\/li>\n<li>Oder Fr\u00fchst\u00fccksbuffet im Restaurant aus 08.00<\/li>\n<li>Option zum Kauf von Abendmen\u00fcs in einem der besten Restaurants von Faaborg<\/li>\n<li>Kaufen Sie eine Verl\u00e4ngerungsnacht f\u00fcr nur DKK 275 pro Person. pers. inkl. Fr\u00fchst\u00fcck<\/li>\n<\/ul>\n<p>[\/vc_column_text]<div class=\"ult-spacer spacer-69ea99deda76c\" data-id=\"69ea99deda76c\" data-height=\"0\" data-height-mobile=\"60\" data-height-tab=\"0\" data-height-tab-portrait=\"60\" data-height-mobile-landscape=\"60\" style=\"clear:both;display:block;\"><\/div>[\/vc_column_inner][\/vc_row_inner]<div class=\"ult-spacer spacer-69ea99deda798\" data-id=\"69ea99deda798\" data-height=\"90\" data-height-mobile=\"60\" data-height-tab=\"90\" data-height-tab-portrait=\"60\" data-height-mobile-landscape=\"60\" style=\"clear:both;display:block;\"><\/div>[\/vc_column][\/vc_row]<\/p>\n<\/section>","protected":false},"excerpt":{"rendered":"<p>[vc_row full_width=&#8220;stretch_row_content&#8220; el_class=&#8220;stretch-full&#8220;][vc_column][vc_row_inner content_placement=&#8220;middle&#8220; el_class=&#8220;reverse&#8220;][vc_column_inner offset=&#8220;vc_col-lg-4 vc_col-md-4 vc_col-xs-12&#8243;][vc_media_grid element_width=&#8220;12&#8243; gap=&#8220;0&#8243; grid_id=&#8220;vc_gid:1649337365817-88d70cc6-1ac1-0&#8243; include=&#8220;3344&#8243; el_class=&#8220;single-img&#8220;][\/vc_column_inner][vc_column_inner offset=&#8220;vc_col-lg-8 vc_col-md-8 vc_col-xs-12&#8243;][vc_column_text el_class=&#8220;cta&#8220;] Lesen Sie mehr hier Faaborg Byferie verf\u00fcgt \u00fcber Zimmer und Apartments mit eigenem Bad und WC, voll ausgestatteter Trinette-K\u00fcche und K\u00fchlschrank Inkl. Bettw\u00e4sche, Handt\u00fccher und Endreinigung Fr\u00fchst\u00fccksbuffet oder Fr\u00fchst\u00fcckspaket f\u00fcr das Zimmer Mit einem Fr\u00fchst\u00fcckspaket f\u00fcrs Zimmer k\u00f6nnen &#8230; <a title=\"Golfaufenthalt\" class=\"read-more\" href=\"https:\/\/faaborgbyferie.dk\/de\/golfaufenthalt\/\" aria-label=\"Mehr zu Golfaufenthalt\">Weiterlesen &#8230;<\/a><\/p>\n","protected":false},"author":1,"featured_media":0,"parent":0,"menu_order":10,"comment_status":"closed","ping_status":"closed","template":"","meta":{"_acf_changed":false,"footnotes":""},"categories":[],"class_list":["post-3834","page","type-page","status-publish"],"acf":[],"yoast_head":"<!-- This site is optimized with the Yoast SEO plugin v27.2 - https:\/\/yoast.com\/product\/yoast-seo-wordpress\/ -->\n<title>Golfaufenthalt in Faaborg und dem Rest von Sydfyn<\/title>\n<meta name=\"description\" content=\"Sie m\u00f6chten in den Urlaub fahren und Golf spielen? Buchen Sie Ihren Golfaufenthalt bei Faaborg Byferie. Wir arbeiten mit Golfclubs in Faaborg und auf Sydfyn zusammen.\" \/>\n<meta name=\"robots\" content=\"index, follow, max-snippet:-1, max-image-preview:large, max-video-preview:-1\" \/>\n<link rel=\"canonical\" href=\"https:\/\/faaborgbyferie.dk\/de\/golfaufenthalt\/\" \/>\n<meta property=\"og:locale\" content=\"de_DE\" \/>\n<meta property=\"og:type\" content=\"article\" \/>\n<meta property=\"og:title\" content=\"Golfaufenthalt in Faaborg und dem Rest von Sydfyn\" \/>\n<meta property=\"og:description\" content=\"Sie m\u00f6chten in den Urlaub fahren und Golf spielen? Buchen Sie Ihren Golfaufenthalt bei Faaborg Byferie. Wir arbeiten mit Golfclubs in Faaborg und auf Sydfyn zusammen.\" \/>\n<meta property=\"og:url\" content=\"https:\/\/faaborgbyferie.dk\/de\/golfaufenthalt\/\" \/>\n<meta property=\"og:site_name\" content=\"Faaborg Byferie\" \/>\n<meta property=\"article:modified_time\" content=\"2022-10-20T06:59:58+00:00\" \/>\n<meta name=\"twitter:card\" content=\"summary_large_image\" \/>\n<meta name=\"twitter:label1\" content=\"Gesch\u00e4tzte Lesezeit\" \/>\n\t<meta name=\"twitter:data1\" content=\"1\u00a0Minute\" \/>\n<script type=\"application\/ld+json\" class=\"yoast-schema-graph\">{\"@context\":\"https:\/\/schema.org\",\"@graph\":[{\"@type\":\"WebPage\",\"@id\":\"https:\/\/faaborgbyferie.dk\/de\/golfaufenthalt\/\",\"url\":\"https:\/\/faaborgbyferie.dk\/de\/golfaufenthalt\/\",\"name\":\"Golfaufenthalt in Faaborg und dem Rest von Sydfyn\",\"isPartOf\":{\"@id\":\"https:\/\/faaborgbyferie.dk\/de\/#website\"},\"datePublished\":\"2022-04-07T08:27:21+00:00\",\"dateModified\":\"2022-10-20T06:59:58+00:00\",\"description\":\"Sie m\u00f6chten in den Urlaub fahren und Golf spielen? Buchen Sie Ihren Golfaufenthalt bei Faaborg Byferie. Wir arbeiten mit Golfclubs in Faaborg und auf Sydfyn zusammen.\",\"breadcrumb\":{\"@id\":\"https:\/\/faaborgbyferie.dk\/de\/golfaufenthalt\/#breadcrumb\"},\"inLanguage\":\"de\",\"potentialAction\":[{\"@type\":\"ReadAction\",\"target\":[\"https:\/\/faaborgbyferie.dk\/de\/golfaufenthalt\/\"]}]},{\"@type\":\"BreadcrumbList\",\"@id\":\"https:\/\/faaborgbyferie.dk\/de\/golfaufenthalt\/#breadcrumb\",\"itemListElement\":[{\"@type\":\"ListItem\",\"position\":1,\"name\":\"Hjem\",\"item\":\"https:\/\/faaborgbyferie.dk\/de\/\"},{\"@type\":\"ListItem\",\"position\":2,\"name\":\"Golfaufenthalt\"}]},{\"@type\":\"WebSite\",\"@id\":\"https:\/\/faaborgbyferie.dk\/de\/#website\",\"url\":\"https:\/\/faaborgbyferie.dk\/de\/\",\"name\":\"Faaborg Byferie\",\"description\":\"Hotel og vandrehjem i Faaborg p\u00e5 Sydfyn\",\"publisher\":{\"@id\":\"https:\/\/faaborgbyferie.dk\/de\/#organization\"},\"potentialAction\":[{\"@type\":\"SearchAction\",\"target\":{\"@type\":\"EntryPoint\",\"urlTemplate\":\"https:\/\/faaborgbyferie.dk\/de\/?s={search_term_string}\"},\"query-input\":{\"@type\":\"PropertyValueSpecification\",\"valueRequired\":true,\"valueName\":\"search_term_string\"}}],\"inLanguage\":\"de\"},{\"@type\":\"Organization\",\"@id\":\"https:\/\/faaborgbyferie.dk\/de\/#organization\",\"name\":\"Faaborg Byferie\",\"url\":\"https:\/\/faaborgbyferie.dk\/de\/\",\"logo\":{\"@type\":\"ImageObject\",\"inLanguage\":\"de\",\"@id\":\"https:\/\/faaborgbyferie.dk\/de\/#\/schema\/logo\/image\/\",\"url\":\"https:\/\/faaborgbyferie.dk\/wp-content\/uploads\/2024\/05\/faaborg-byferie-colour-300.png\",\"contentUrl\":\"https:\/\/faaborgbyferie.dk\/wp-content\/uploads\/2024\/05\/faaborg-byferie-colour-300.png\",\"width\":1701,\"height\":1122,\"caption\":\"Faaborg Byferie\"},\"image\":{\"@id\":\"https:\/\/faaborgbyferie.dk\/de\/#\/schema\/logo\/image\/\"}}]}<\/script>\n<!-- \/ Yoast SEO plugin. -->","yoast_head_json":{"title":"Golfaufenthalt in Faaborg und dem Rest von Sydfyn","description":"Sie m\u00f6chten in den Urlaub fahren und Golf spielen? Buchen Sie Ihren Golfaufenthalt bei Faaborg Byferie. Wir arbeiten mit Golfclubs in Faaborg und auf Sydfyn zusammen.","robots":{"index":"index","follow":"follow","max-snippet":"max-snippet:-1","max-image-preview":"max-image-preview:large","max-video-preview":"max-video-preview:-1"},"canonical":"https:\/\/faaborgbyferie.dk\/de\/golfaufenthalt\/","og_locale":"de_DE","og_type":"article","og_title":"Golfaufenthalt in Faaborg und dem Rest von Sydfyn","og_description":"Sie m\u00f6chten in den Urlaub fahren und Golf spielen? Buchen Sie Ihren Golfaufenthalt bei Faaborg Byferie. Wir arbeiten mit Golfclubs in Faaborg und auf Sydfyn zusammen.","og_url":"https:\/\/faaborgbyferie.dk\/de\/golfaufenthalt\/","og_site_name":"Faaborg Byferie","article_modified_time":"2022-10-20T06:59:58+00:00","twitter_card":"summary_large_image","twitter_misc":{"Gesch\u00e4tzte Lesezeit":"1\u00a0Minute"},"schema":{"@context":"https:\/\/schema.org","@graph":[{"@type":"WebPage","@id":"https:\/\/faaborgbyferie.dk\/de\/golfaufenthalt\/","url":"https:\/\/faaborgbyferie.dk\/de\/golfaufenthalt\/","name":"Golfaufenthalt in Faaborg und dem Rest von Sydfyn","isPartOf":{"@id":"https:\/\/faaborgbyferie.dk\/de\/#website"},"datePublished":"2022-04-07T08:27:21+00:00","dateModified":"2022-10-20T06:59:58+00:00","description":"Sie m\u00f6chten in den Urlaub fahren und Golf spielen? Buchen Sie Ihren Golfaufenthalt bei Faaborg Byferie. Wir arbeiten mit Golfclubs in Faaborg und auf Sydfyn zusammen.","breadcrumb":{"@id":"https:\/\/faaborgbyferie.dk\/de\/golfaufenthalt\/#breadcrumb"},"inLanguage":"de","potentialAction":[{"@type":"ReadAction","target":["https:\/\/faaborgbyferie.dk\/de\/golfaufenthalt\/"]}]},{"@type":"BreadcrumbList","@id":"https:\/\/faaborgbyferie.dk\/de\/golfaufenthalt\/#breadcrumb","itemListElement":[{"@type":"ListItem","position":1,"name":"Hjem","item":"https:\/\/faaborgbyferie.dk\/de\/"},{"@type":"ListItem","position":2,"name":"Golfaufenthalt"}]},{"@type":"WebSite","@id":"https:\/\/faaborgbyferie.dk\/de\/#website","url":"https:\/\/faaborgbyferie.dk\/de\/","name":"Faaborg Byferie","description":"Hotel og vandrehjem i Faaborg p\u00e5 Sydfyn","publisher":{"@id":"https:\/\/faaborgbyferie.dk\/de\/#organization"},"potentialAction":[{"@type":"SearchAction","target":{"@type":"EntryPoint","urlTemplate":"https:\/\/faaborgbyferie.dk\/de\/?s={search_term_string}"},"query-input":{"@type":"PropertyValueSpecification","valueRequired":true,"valueName":"search_term_string"}}],"inLanguage":"de"},{"@type":"Organization","@id":"https:\/\/faaborgbyferie.dk\/de\/#organization","name":"Faaborg Byferie","url":"https:\/\/faaborgbyferie.dk\/de\/","logo":{"@type":"ImageObject","inLanguage":"de","@id":"https:\/\/faaborgbyferie.dk\/de\/#\/schema\/logo\/image\/","url":"https:\/\/faaborgbyferie.dk\/wp-content\/uploads\/2024\/05\/faaborg-byferie-colour-300.png","contentUrl":"https:\/\/faaborgbyferie.dk\/wp-content\/uploads\/2024\/05\/faaborg-byferie-colour-300.png","width":1701,"height":1122,"caption":"Faaborg Byferie"},"image":{"@id":"https:\/\/faaborgbyferie.dk\/de\/#\/schema\/logo\/image\/"}}]}},"_links":{"self":[{"href":"https:\/\/faaborgbyferie.dk\/de\/wp-json\/wp\/v2\/pages\/3834","targetHints":{"allow":["GET"]}}],"collection":[{"href":"https:\/\/faaborgbyferie.dk\/de\/wp-json\/wp\/v2\/pages"}],"about":[{"href":"https:\/\/faaborgbyferie.dk\/de\/wp-json\/wp\/v2\/types\/page"}],"author":[{"embeddable":true,"href":"https:\/\/faaborgbyferie.dk\/de\/wp-json\/wp\/v2\/users\/1"}],"replies":[{"embeddable":true,"href":"https:\/\/faaborgbyferie.dk\/de\/wp-json\/wp\/v2\/comments?post=3834"}],"version-history":[{"count":2,"href":"https:\/\/faaborgbyferie.dk\/de\/wp-json\/wp\/v2\/pages\/3834\/revisions"}],"predecessor-version":[{"id":3836,"href":"https:\/\/faaborgbyferie.dk\/de\/wp-json\/wp\/v2\/pages\/3834\/revisions\/3836"}],"wp:attachment":[{"href":"https:\/\/faaborgbyferie.dk\/de\/wp-json\/wp\/v2\/media?parent=3834"}],"wp:term":[{"taxonomy":"category","embeddable":true,"href":"https:\/\/faaborgbyferie.dk\/de\/wp-json\/wp\/v2\/categories?post=3834"}],"curies":[{"name":"wp","href":"https:\/\/api.w.org\/{rel}","templated":true}]}}