{"id":3822,"date":"2022-04-07T10:27:20","date_gmt":"2022-04-07T08:27:20","guid":{"rendered":"https:\/\/faaborgbyferie.dk\/firmen-installateure\/"},"modified":"2022-10-20T08:51:31","modified_gmt":"2022-10-20T06:51:31","slug":"firmen-installateure","status":"publish","type":"page","link":"https:\/\/faaborgbyferie.dk\/de\/firmen-installateure\/","title":{"rendered":"Firmen \/ Installateure"},"content":{"rendered":"<section class=\"wpb-content-wrapper\"><p>[vc_row full_width=&#8220;stretch_row_content&#8220; el_class=&#8220;stretch-full&#8220;][vc_column]<div class=\"ult-spacer spacer-69ea538489665\" data-id=\"69ea538489665\" data-height=\"90\" data-height-mobile=\"60\" data-height-tab=\"90\" data-height-tab-portrait=\"60\" data-height-mobile-landscape=\"60\" style=\"clear:both;display:block;\"><\/div>[vc_row_inner content_placement=&#8220;middle&#8220; el_class=&#8220;reverse&#8220;][vc_column_inner offset=&#8220;vc_col-lg-4 vc_col-md-4 vc_col-xs-12&#8243;][vc_media_grid element_width=&#8220;12&#8243; gap=&#8220;0&#8243; grid_id=&#8220;vc_gid:1649337162332-2cd9144d-f9f1-2&#8243; include=&#8220;3344&#8243; el_class=&#8220;single-img&#8220;][\/vc_column_inner][vc_column_inner offset=&#8220;vc_col-lg-8 vc_col-md-8 vc_col-xs-12&#8243;][vc_column_text el_class=&#8220;cta&#8220;]<\/p>\n<h2>Lesen sie mehr hier<\/h2>\n<ul>\n<li>Faaborg Byferie hat Zimmer und Appartements mit eigenem Bad\/WC und Trinette-K\u00fcche mit K\u00fchlschrank<\/li>\n<li>Unsere Preise beinhalten Bettw\u00e4sche, Handt\u00fccher und Endreinigung<\/li>\n<li>Alle Zimmer haben eine eigene Kaffeemaschine\/Wasserkocher<\/li>\n<li>Bei einem Fr\u00fchst\u00fcckspaket f\u00fcrs Zimmer bestimmen Sie selbst, wann das Fr\u00fchst\u00fcck serviert wird.<\/li>\n<li>Der Preis betr\u00e4gt DKK 85 und beinhaltet Kaffee\/Tee, Saft, Milch, Joghurt, Haferflocken, Roggenbrot, Br\u00f6tchen, Butter, K\u00e4se, Marmelade, Eier und frisches Obst<\/li>\n<li>Das Fr\u00fchst\u00fcck wird im Restaurant serviert 7 bis 99 DKK<\/li>\n<li>Lunchpakete &#8211; Informieren Sie sich, m\u00fcssen aber im Voraus bestellt werden<\/li>\n<li>Abendessen &#8211; Wir haben gute Angebote mit lokalen Restaurants<\/li>\n<\/ul>\n<p>[\/vc_column_text]<div class=\"ult-spacer spacer-69ea5384896b2\" data-id=\"69ea5384896b2\" data-height=\"0\" data-height-mobile=\"60\" data-height-tab=\"0\" data-height-tab-portrait=\"60\" data-height-mobile-landscape=\"60\" style=\"clear:both;display:block;\"><\/div>[\/vc_column_inner][\/vc_row_inner]<div class=\"ult-spacer spacer-69ea5384896dc\" data-id=\"69ea5384896dc\" data-height=\"90\" data-height-mobile=\"60\" data-height-tab=\"90\" data-height-tab-portrait=\"60\" data-height-mobile-landscape=\"60\" style=\"clear:both;display:block;\"><\/div>[\/vc_column][\/vc_row]<\/p>\n<\/section>","protected":false},"excerpt":{"rendered":"<p>[vc_row full_width=&#8220;stretch_row_content&#8220; el_class=&#8220;stretch-full&#8220;][vc_column][vc_row_inner content_placement=&#8220;middle&#8220; el_class=&#8220;reverse&#8220;][vc_column_inner offset=&#8220;vc_col-lg-4 vc_col-md-4 vc_col-xs-12&#8243;][vc_media_grid element_width=&#8220;12&#8243; gap=&#8220;0&#8243; grid_id=&#8220;vc_gid:1649337162332-2cd9144d-f9f1-2&#8243; include=&#8220;3344&#8243; el_class=&#8220;single-img&#8220;][\/vc_column_inner][vc_column_inner offset=&#8220;vc_col-lg-8 vc_col-md-8 vc_col-xs-12&#8243;][vc_column_text el_class=&#8220;cta&#8220;] Lesen sie mehr hier Faaborg Byferie hat Zimmer und Appartements mit eigenem Bad\/WC und Trinette-K\u00fcche mit K\u00fchlschrank Unsere Preise beinhalten Bettw\u00e4sche, Handt\u00fccher und Endreinigung Alle Zimmer haben eine eigene Kaffeemaschine\/Wasserkocher Bei einem Fr\u00fchst\u00fcckspaket f\u00fcrs Zimmer bestimmen Sie selbst, &#8230; <a title=\"Firmen \/ Installateure\" class=\"read-more\" href=\"https:\/\/faaborgbyferie.dk\/de\/firmen-installateure\/\" aria-label=\"Mehr zu Firmen \/ Installateure\">Weiterlesen &#8230;<\/a><\/p>\n","protected":false},"author":1,"featured_media":0,"parent":0,"menu_order":7,"comment_status":"closed","ping_status":"closed","template":"","meta":{"_acf_changed":false,"footnotes":""},"categories":[],"class_list":["post-3822","page","type-page","status-publish"],"acf":[],"yoast_head":"<!-- This site is optimized with the Yoast SEO plugin v27.2 - https:\/\/yoast.com\/product\/yoast-seo-wordpress\/ -->\n<title>Firmen \/ Installateure &#183; Faaborg Byferie<\/title>\n<meta name=\"robots\" content=\"index, follow, max-snippet:-1, max-image-preview:large, max-video-preview:-1\" \/>\n<link rel=\"canonical\" href=\"https:\/\/faaborgbyferie.dk\/de\/firmen-installateure\/\" \/>\n<meta property=\"og:locale\" content=\"de_DE\" \/>\n<meta property=\"og:type\" content=\"article\" \/>\n<meta property=\"og:title\" content=\"Firmen \/ Installateure &#183; Faaborg Byferie\" \/>\n<meta property=\"og:description\" content=\"[vc_row full_width=&#8220;stretch_row_content&#8220; el_class=&#8220;stretch-full&#8220;][vc_column][vc_row_inner content_placement=&#8220;middle&#8220; el_class=&#8220;reverse&#8220;][vc_column_inner offset=&#8220;vc_col-lg-4 vc_col-md-4 vc_col-xs-12&#8243;][vc_media_grid element_width=&#8220;12&#8243; gap=&#8220;0&#8243; grid_id=&#8220;vc_gid:1649337162332-2cd9144d-f9f1-2&#8243; include=&#8220;3344&#8243; el_class=&#8220;single-img&#8220;][\/vc_column_inner][vc_column_inner offset=&#8220;vc_col-lg-8 vc_col-md-8 vc_col-xs-12&#8243;][vc_column_text el_class=&#8220;cta&#8220;] Lesen sie mehr hier Faaborg Byferie hat Zimmer und Appartements mit eigenem Bad\/WC und Trinette-K\u00fcche mit K\u00fchlschrank Unsere Preise beinhalten Bettw\u00e4sche, Handt\u00fccher und Endreinigung Alle Zimmer haben eine eigene Kaffeemaschine\/Wasserkocher Bei einem Fr\u00fchst\u00fcckspaket f\u00fcrs Zimmer bestimmen Sie selbst, ... Weiterlesen ...\" \/>\n<meta property=\"og:url\" content=\"https:\/\/faaborgbyferie.dk\/de\/firmen-installateure\/\" \/>\n<meta property=\"og:site_name\" content=\"Faaborg Byferie\" \/>\n<meta property=\"article:modified_time\" content=\"2022-10-20T06:51:31+00:00\" \/>\n<meta name=\"twitter:card\" content=\"summary_large_image\" \/>\n<meta name=\"twitter:label1\" content=\"Gesch\u00e4tzte Lesezeit\" \/>\n\t<meta name=\"twitter:data1\" content=\"1\u00a0Minute\" \/>\n<script type=\"application\/ld+json\" class=\"yoast-schema-graph\">{\"@context\":\"https:\/\/schema.org\",\"@graph\":[{\"@type\":\"WebPage\",\"@id\":\"https:\/\/faaborgbyferie.dk\/de\/firmen-installateure\/\",\"url\":\"https:\/\/faaborgbyferie.dk\/de\/firmen-installateure\/\",\"name\":\"Firmen \/ Installateure &#183; Faaborg Byferie\",\"isPartOf\":{\"@id\":\"https:\/\/faaborgbyferie.dk\/de\/#website\"},\"datePublished\":\"2022-04-07T08:27:20+00:00\",\"dateModified\":\"2022-10-20T06:51:31+00:00\",\"breadcrumb\":{\"@id\":\"https:\/\/faaborgbyferie.dk\/de\/firmen-installateure\/#breadcrumb\"},\"inLanguage\":\"de\",\"potentialAction\":[{\"@type\":\"ReadAction\",\"target\":[\"https:\/\/faaborgbyferie.dk\/de\/firmen-installateure\/\"]}]},{\"@type\":\"BreadcrumbList\",\"@id\":\"https:\/\/faaborgbyferie.dk\/de\/firmen-installateure\/#breadcrumb\",\"itemListElement\":[{\"@type\":\"ListItem\",\"position\":1,\"name\":\"Hjem\",\"item\":\"https:\/\/faaborgbyferie.dk\/de\/\"},{\"@type\":\"ListItem\",\"position\":2,\"name\":\"Firmen \/ Installateure\"}]},{\"@type\":\"WebSite\",\"@id\":\"https:\/\/faaborgbyferie.dk\/de\/#website\",\"url\":\"https:\/\/faaborgbyferie.dk\/de\/\",\"name\":\"Faaborg Byferie\",\"description\":\"Hotel og vandrehjem i Faaborg p\u00e5 Sydfyn\",\"publisher\":{\"@id\":\"https:\/\/faaborgbyferie.dk\/de\/#organization\"},\"potentialAction\":[{\"@type\":\"SearchAction\",\"target\":{\"@type\":\"EntryPoint\",\"urlTemplate\":\"https:\/\/faaborgbyferie.dk\/de\/?s={search_term_string}\"},\"query-input\":{\"@type\":\"PropertyValueSpecification\",\"valueRequired\":true,\"valueName\":\"search_term_string\"}}],\"inLanguage\":\"de\"},{\"@type\":\"Organization\",\"@id\":\"https:\/\/faaborgbyferie.dk\/de\/#organization\",\"name\":\"Faaborg Byferie\",\"url\":\"https:\/\/faaborgbyferie.dk\/de\/\",\"logo\":{\"@type\":\"ImageObject\",\"inLanguage\":\"de\",\"@id\":\"https:\/\/faaborgbyferie.dk\/de\/#\/schema\/logo\/image\/\",\"url\":\"https:\/\/faaborgbyferie.dk\/wp-content\/uploads\/2024\/05\/faaborg-byferie-colour-300.png\",\"contentUrl\":\"https:\/\/faaborgbyferie.dk\/wp-content\/uploads\/2024\/05\/faaborg-byferie-colour-300.png\",\"width\":1701,\"height\":1122,\"caption\":\"Faaborg Byferie\"},\"image\":{\"@id\":\"https:\/\/faaborgbyferie.dk\/de\/#\/schema\/logo\/image\/\"}}]}<\/script>\n<!-- \/ Yoast SEO plugin. -->","yoast_head_json":{"title":"Firmen \/ Installateure &#183; Faaborg Byferie","robots":{"index":"index","follow":"follow","max-snippet":"max-snippet:-1","max-image-preview":"max-image-preview:large","max-video-preview":"max-video-preview:-1"},"canonical":"https:\/\/faaborgbyferie.dk\/de\/firmen-installateure\/","og_locale":"de_DE","og_type":"article","og_title":"Firmen \/ Installateure &#183; Faaborg Byferie","og_description":"[vc_row full_width=&#8220;stretch_row_content&#8220; el_class=&#8220;stretch-full&#8220;][vc_column][vc_row_inner content_placement=&#8220;middle&#8220; el_class=&#8220;reverse&#8220;][vc_column_inner offset=&#8220;vc_col-lg-4 vc_col-md-4 vc_col-xs-12&#8243;][vc_media_grid element_width=&#8220;12&#8243; gap=&#8220;0&#8243; grid_id=&#8220;vc_gid:1649337162332-2cd9144d-f9f1-2&#8243; include=&#8220;3344&#8243; el_class=&#8220;single-img&#8220;][\/vc_column_inner][vc_column_inner offset=&#8220;vc_col-lg-8 vc_col-md-8 vc_col-xs-12&#8243;][vc_column_text el_class=&#8220;cta&#8220;] Lesen sie mehr hier Faaborg Byferie hat Zimmer und Appartements mit eigenem Bad\/WC und Trinette-K\u00fcche mit K\u00fchlschrank Unsere Preise beinhalten Bettw\u00e4sche, Handt\u00fccher und Endreinigung Alle Zimmer haben eine eigene Kaffeemaschine\/Wasserkocher Bei einem Fr\u00fchst\u00fcckspaket f\u00fcrs Zimmer bestimmen Sie selbst, ... Weiterlesen ...","og_url":"https:\/\/faaborgbyferie.dk\/de\/firmen-installateure\/","og_site_name":"Faaborg Byferie","article_modified_time":"2022-10-20T06:51:31+00:00","twitter_card":"summary_large_image","twitter_misc":{"Gesch\u00e4tzte Lesezeit":"1\u00a0Minute"},"schema":{"@context":"https:\/\/schema.org","@graph":[{"@type":"WebPage","@id":"https:\/\/faaborgbyferie.dk\/de\/firmen-installateure\/","url":"https:\/\/faaborgbyferie.dk\/de\/firmen-installateure\/","name":"Firmen \/ Installateure &#183; Faaborg Byferie","isPartOf":{"@id":"https:\/\/faaborgbyferie.dk\/de\/#website"},"datePublished":"2022-04-07T08:27:20+00:00","dateModified":"2022-10-20T06:51:31+00:00","breadcrumb":{"@id":"https:\/\/faaborgbyferie.dk\/de\/firmen-installateure\/#breadcrumb"},"inLanguage":"de","potentialAction":[{"@type":"ReadAction","target":["https:\/\/faaborgbyferie.dk\/de\/firmen-installateure\/"]}]},{"@type":"BreadcrumbList","@id":"https:\/\/faaborgbyferie.dk\/de\/firmen-installateure\/#breadcrumb","itemListElement":[{"@type":"ListItem","position":1,"name":"Hjem","item":"https:\/\/faaborgbyferie.dk\/de\/"},{"@type":"ListItem","position":2,"name":"Firmen \/ Installateure"}]},{"@type":"WebSite","@id":"https:\/\/faaborgbyferie.dk\/de\/#website","url":"https:\/\/faaborgbyferie.dk\/de\/","name":"Faaborg Byferie","description":"Hotel og vandrehjem i Faaborg p\u00e5 Sydfyn","publisher":{"@id":"https:\/\/faaborgbyferie.dk\/de\/#organization"},"potentialAction":[{"@type":"SearchAction","target":{"@type":"EntryPoint","urlTemplate":"https:\/\/faaborgbyferie.dk\/de\/?s={search_term_string}"},"query-input":{"@type":"PropertyValueSpecification","valueRequired":true,"valueName":"search_term_string"}}],"inLanguage":"de"},{"@type":"Organization","@id":"https:\/\/faaborgbyferie.dk\/de\/#organization","name":"Faaborg Byferie","url":"https:\/\/faaborgbyferie.dk\/de\/","logo":{"@type":"ImageObject","inLanguage":"de","@id":"https:\/\/faaborgbyferie.dk\/de\/#\/schema\/logo\/image\/","url":"https:\/\/faaborgbyferie.dk\/wp-content\/uploads\/2024\/05\/faaborg-byferie-colour-300.png","contentUrl":"https:\/\/faaborgbyferie.dk\/wp-content\/uploads\/2024\/05\/faaborg-byferie-colour-300.png","width":1701,"height":1122,"caption":"Faaborg Byferie"},"image":{"@id":"https:\/\/faaborgbyferie.dk\/de\/#\/schema\/logo\/image\/"}}]}},"_links":{"self":[{"href":"https:\/\/faaborgbyferie.dk\/de\/wp-json\/wp\/v2\/pages\/3822","targetHints":{"allow":["GET"]}}],"collection":[{"href":"https:\/\/faaborgbyferie.dk\/de\/wp-json\/wp\/v2\/pages"}],"about":[{"href":"https:\/\/faaborgbyferie.dk\/de\/wp-json\/wp\/v2\/types\/page"}],"author":[{"embeddable":true,"href":"https:\/\/faaborgbyferie.dk\/de\/wp-json\/wp\/v2\/users\/1"}],"replies":[{"embeddable":true,"href":"https:\/\/faaborgbyferie.dk\/de\/wp-json\/wp\/v2\/comments?post=3822"}],"version-history":[{"count":2,"href":"https:\/\/faaborgbyferie.dk\/de\/wp-json\/wp\/v2\/pages\/3822\/revisions"}],"predecessor-version":[{"id":3824,"href":"https:\/\/faaborgbyferie.dk\/de\/wp-json\/wp\/v2\/pages\/3822\/revisions\/3824"}],"wp:attachment":[{"href":"https:\/\/faaborgbyferie.dk\/de\/wp-json\/wp\/v2\/media?parent=3822"}],"wp:term":[{"taxonomy":"category","embeddable":true,"href":"https:\/\/faaborgbyferie.dk\/de\/wp-json\/wp\/v2\/categories?post=3822"}],"curies":[{"name":"wp","href":"https:\/\/api.w.org\/{rel}","templated":true}]}}