{"id":3819,"date":"2022-04-07T10:27:20","date_gmt":"2022-04-07T08:27:20","guid":{"rendered":"https:\/\/faaborgbyferie.dk\/angebot\/"},"modified":"2022-10-20T08:50:30","modified_gmt":"2022-10-20T06:50:30","slug":"angebot","status":"publish","type":"page","link":"https:\/\/faaborgbyferie.dk\/de\/angebot\/","title":{"rendered":"Angebot"},"content":{"rendered":"<section class=\"wpb-content-wrapper\"><p>[vc_row full_width=&#8220;stretch_row_content&#8220; el_class=&#8220;stretch-full&#8220;][vc_column]<div class=\"ult-spacer spacer-69ea6ba78c1e9\" data-id=\"69ea6ba78c1e9\" data-height=\"90\" data-height-mobile=\"60\" data-height-tab=\"90\" data-height-tab-portrait=\"60\" data-height-mobile-landscape=\"60\" style=\"clear:both;display:block;\"><\/div>[vc_row_inner content_placement=&#8220;middle&#8220; el_class=&#8220;reverse&#8220;][vc_column_inner offset=&#8220;vc_col-lg-4 vc_col-md-4 vc_col-xs-12&#8243;][vc_media_grid element_width=&#8220;12&#8243; gap=&#8220;0&#8243; grid_id=&#8220;vc_gid:1652268176016-7885dcd1-8924-5&#8243; include=&#8220;3388&#8243; el_class=&#8220;single-img&#8220;][\/vc_column_inner][vc_column_inner offset=&#8220;vc_col-lg-8 vc_col-md-8 vc_col-xs-12&#8243;][vc_column_text el_class=&#8220;.custom-ul cta&#8220;]<\/p>\n<h3>Wochenendaufenthalt<\/h3>\n<p>Preise ab DKK 799,- pro Person Person<\/p>\n<ul>\n<li>W\u00e4hlen Sie aus mehreren unserer fantastischen Restaurants in der Stadt<\/li>\n<li>Magasingaarden<\/li>\n<li>Verdammt am Brunnen<\/li>\n<li>Das wei\u00dfe Lager<\/li>\n<li>Der Pelato<\/li>\n<li>Fr\u00fchst\u00fccksbuffet oder Fr\u00fchst\u00fcckspaket im Zimmer<\/li>\n<li>1 oder 2 Tage<\/li>\n<\/ul>\n<p>[\/vc_column_text][vc_empty_space height=&#8220;15px&#8220;][vc_btn title=&#8220;Buchen hier&#8220; style=&#8220;custom&#8220; custom_background=&#8220;#29a78d&#8220; custom_text=&#8220;#ffffff&#8220; shape=&#8220;square&#8220; align=&#8220;left&#8220; link=&#8220;url:https%3A%2F%2Fbooking.octopuspms.com%2FRoomBook%3FCode%3D39870e94-4004-4d53-abf0-c5368b32e092|target:_blank|&#8220;]<div class=\"ult-spacer spacer-69ea6ba78c235\" data-id=\"69ea6ba78c235\" data-height=\"0\" data-height-mobile=\"60\" data-height-tab=\"0\" data-height-tab-portrait=\"60\" data-height-mobile-landscape=\"60\" style=\"clear:both;display:block;\"><\/div>[\/vc_column_inner][\/vc_row_inner]<div class=\"ult-spacer spacer-69ea6ba78c262\" data-id=\"69ea6ba78c262\" data-height=\"90\" data-height-mobile=\"60\" data-height-tab=\"90\" data-height-tab-portrait=\"60\" data-height-mobile-landscape=\"60\" style=\"clear:both;display:block;\"><\/div>[\/vc_column][\/vc_row][vc_row full_width=&#8220;stretch_row_content&#8220; el_class=&#8220;stretch-full&#8220; css=&#8220;.vc_custom_1649335277602{background-color: #ededed !important;}&#8220;][vc_column]<div class=\"ult-spacer spacer-69ea6ba78c288\" data-id=\"69ea6ba78c288\" data-height=\"90\" data-height-mobile=\"60\" data-height-tab=\"90\" data-height-tab-portrait=\"60\" data-height-mobile-landscape=\"60\" style=\"clear:both;display:block;\"><\/div>[vc_row_inner content_placement=&#8220;middle&#8220; el_class=&#8220;reverse&#8220;][vc_column_inner offset=&#8220;vc_col-lg-4 vc_col-md-4 vc_col-xs-12&#8243;][vc_media_grid element_width=&#8220;12&#8243; gap=&#8220;0&#8243; grid_id=&#8220;vc_gid:1652268176018-f46a65a6-e855-0&#8243; include=&#8220;3399&#8243; el_class=&#8220;single-img&#8220;][\/vc_column_inner][vc_column_inner offset=&#8220;vc_col-lg-8 vc_col-md-8 vc_col-xs-12&#8243;][vc_column_text el_class=&#8220;.custom-ul cta&#8220;]<\/p>\n<h3>Handwerker- \/ Monteurunterkunft<\/h3>\n<p>Preise ab DKK 500 pro Nacht<\/p>\n<ul>\n<li>Wir aktualisieren die Zimmerkategorie, wenn m\u00f6glich<\/li>\n<li>M\u00f6glichkeit von Fr\u00fchst\u00fccksbuffet oder Fr\u00fchst\u00fcckspaket im Zimmer ab 06.30<\/li>\n<li>Kochen Sie Ihr eigenes Essen in Ihrer Studiok\u00fcche<\/li>\n<li>Viele Restaurants innerhalb von 3 Minuten. Spaziergang<\/li>\n<\/ul>\n<p>[\/vc_column_text][vc_empty_space height=&#8220;15px&#8220;][vc_btn title=&#8220;Buchen hier&#8220; style=&#8220;custom&#8220; custom_background=&#8220;#29a78d&#8220; custom_text=&#8220;#ffffff&#8220; shape=&#8220;square&#8220; align=&#8220;left&#8220; link=&#8220;url:https%3A%2F%2Fbooking.octopuspms.com%2FRoomBook%3FCode%3D39870e94-4004-4d53-abf0-c5368b32e092|target:_blank|&#8220;]<div class=\"ult-spacer spacer-69ea6ba78c2ab\" data-id=\"69ea6ba78c2ab\" data-height=\"0\" data-height-mobile=\"60\" data-height-tab=\"0\" data-height-tab-portrait=\"60\" data-height-mobile-landscape=\"60\" style=\"clear:both;display:block;\"><\/div>[\/vc_column_inner][\/vc_row_inner]<div class=\"ult-spacer spacer-69ea6ba78c2cc\" data-id=\"69ea6ba78c2cc\" data-height=\"90\" data-height-mobile=\"60\" data-height-tab=\"90\" data-height-tab-portrait=\"60\" data-height-mobile-landscape=\"60\" style=\"clear:both;display:block;\"><\/div>[\/vc_column][\/vc_row][vc_row full_width=&#8220;stretch_row_content&#8220; el_class=&#8220;stretch-full&#8220;][vc_column]<div class=\"ult-spacer spacer-69ea6ba78c2ed\" data-id=\"69ea6ba78c2ed\" data-height=\"90\" data-height-mobile=\"60\" data-height-tab=\"90\" data-height-tab-portrait=\"60\" data-height-mobile-landscape=\"60\" style=\"clear:both;display:block;\"><\/div>[vc_row_inner content_placement=&#8220;middle&#8220; el_class=&#8220;reverse&#8220;][vc_column_inner offset=&#8220;vc_col-lg-4 vc_col-md-4 vc_col-xs-12&#8243;][vc_media_grid element_width=&#8220;12&#8243; gap=&#8220;0&#8243; grid_id=&#8220;vc_gid:1652268176019-cc25a416-da3f-7&#8243; include=&#8220;3368&#8243; el_class=&#8220;single-img&#8220;][\/vc_column_inner][vc_column_inner offset=&#8220;vc_col-lg-8 vc_col-md-8 vc_col-xs-12&#8243;][vc_column_text el_class=&#8220;.custom-ul cta&#8220;]<\/p>\n<h3>Unser Urlaubsaufenthalt<\/h3>\n<p>Das Angebot gilt f\u00fcr einen Kurzurlaub min. 2 N\u00e4chte \u2013 Sonntag bis Freitag<br \/>\n(nicht g\u00fcltig im Zeitraum 1. Juli bis 15. September)<\/p>\n<p><strong>Preise<\/strong><\/p>\n<p><strong>1.11. \u2013 31.3 Person:<\/strong><br \/>\n2 N\u00e4chte DKK 795,-.<br \/>\n3 N\u00e4chte DKK 1075.<br \/>\n1 Woche DKK 1950<\/p>\n<p><strong>1.4. \u2013 30.6. &amp; 1.9. \u2013 31.10<\/strong> Person:<br \/>\n2 N\u00e4chte DKK 930,-<br \/>\n3 N\u00e4chte DKK 1175.<br \/>\n1 Woche DKK 2025<\/p>\n<p>1\/7 \u2013 31\/8 per Person:<br \/>\n2 N\u00e4chte DKK 1025.<br \/>\n3 N\u00e4chte DKK 1.325.<br \/>\n1 Woche DKK 2695[\/vc_column_text][vc_empty_space height=&#8220;15px&#8220;][vc_btn title=&#8220;Buchen hier&#8220; style=&#8220;custom&#8220; custom_background=&#8220;#29a78d&#8220; custom_text=&#8220;#ffffff&#8220; shape=&#8220;square&#8220; align=&#8220;left&#8220; link=&#8220;url:https%3A%2F%2Fbooking.octopuspms.com%2FRoomBook%3FCode%3D39870e94-4004-4d53-abf0-c5368b32e092|target:_blank|&#8220;]<div class=\"ult-spacer spacer-69ea6ba78c30d\" data-id=\"69ea6ba78c30d\" data-height=\"0\" data-height-mobile=\"60\" data-height-tab=\"0\" data-height-tab-portrait=\"60\" data-height-mobile-landscape=\"60\" style=\"clear:both;display:block;\"><\/div>[\/vc_column_inner][\/vc_row_inner]<div class=\"ult-spacer spacer-69ea6ba78c32c\" data-id=\"69ea6ba78c32c\" data-height=\"90\" data-height-mobile=\"60\" data-height-tab=\"90\" data-height-tab-portrait=\"60\" data-height-mobile-landscape=\"60\" style=\"clear:both;display:block;\"><\/div>[\/vc_column][\/vc_row][vc_row full_width=&#8220;stretch_row_content&#8220; el_class=&#8220;stretch-full&#8220; css=&#8220;.vc_custom_1652268314916{background-color: #ededed !important;}&#8220;][vc_column]<div class=\"ult-spacer spacer-69ea6ba78c34b\" data-id=\"69ea6ba78c34b\" data-height=\"90\" data-height-mobile=\"60\" data-height-tab=\"90\" data-height-tab-portrait=\"60\" data-height-mobile-landscape=\"60\" style=\"clear:both;display:block;\"><\/div>[vc_row_inner content_placement=&#8220;middle&#8220; el_class=&#8220;reverse&#8220;][vc_column_inner offset=&#8220;vc_col-lg-4 vc_col-md-4 vc_col-xs-12&#8243;][vc_media_grid element_width=&#8220;12&#8243; gap=&#8220;0&#8243; grid_id=&#8220;vc_gid:1652268176023-ae9aa1a5-5e4b-4&#8243; include=&#8220;3402&#8243; el_class=&#8220;single-img&#8220;][\/vc_column_inner][vc_column_inner offset=&#8220;vc_col-lg-8 vc_col-md-8 vc_col-xs-12&#8243;][vc_column_text el_class=&#8220;.custom-ul cta&#8220;]<\/p>\n<h3>Golfaufenthalt<\/h3>\n<p>Ab DKK 849,- pro Person Person im Doppelzimmer<\/p>\n<ul>\n<li>Wir arbeiten mit mehreren S\u00fcdf\u00fcnischen Golfclubs zusammen und k\u00f6nnen Greenfees f\u00fcr praktisch alle Pl\u00e4tze auf F\u00fcnen anbieten.<\/li>\n<li>Nat\u00fcrlich arbeiten wir eng mit dem Faaborg Golf Club zusammen und bieten hier z.B.:<\/li>\n<li>1 x \u00dcbernachtung<br \/>\nFr\u00fchst\u00fcck<\/li>\n<li>2 x Greenfee f\u00fcr den Faaborg Golf Club<\/li>\n<\/ul>\n<p><strong>Preis DKK 849,- pro Person Person<\/strong><\/p>\n<p><em>(Einzelkauf DKK 1200 pro Person)<\/em>[\/vc_column_text][vc_empty_space height=&#8220;15px&#8220;][vc_btn title=&#8220;Buchen hier&#8220; style=&#8220;custom&#8220; custom_background=&#8220;#29a78d&#8220; custom_text=&#8220;#ffffff&#8220; shape=&#8220;square&#8220; align=&#8220;left&#8220; link=&#8220;url:https%3A%2F%2Fbooking.octopuspms.com%2FRoomBook%3FCode%3D39870e94-4004-4d53-abf0-c5368b32e092|target:_blank|&#8220;]<div class=\"ult-spacer spacer-69ea6ba78c369\" data-id=\"69ea6ba78c369\" data-height=\"0\" data-height-mobile=\"60\" data-height-tab=\"0\" data-height-tab-portrait=\"60\" data-height-mobile-landscape=\"60\" style=\"clear:both;display:block;\"><\/div>[\/vc_column_inner][\/vc_row_inner]<div class=\"ult-spacer spacer-69ea6ba78c387\" data-id=\"69ea6ba78c387\" data-height=\"90\" data-height-mobile=\"60\" data-height-tab=\"90\" data-height-tab-portrait=\"60\" data-height-mobile-landscape=\"60\" style=\"clear:both;display:block;\"><\/div>[\/vc_column][\/vc_row][vc_row full_width=&#8220;stretch_row_content&#8220; el_class=&#8220;stretch-full&#8220;][vc_column]<div class=\"ult-spacer spacer-69ea6ba78c3a5\" data-id=\"69ea6ba78c3a5\" data-height=\"90\" data-height-mobile=\"60\" data-height-tab=\"90\" data-height-tab-portrait=\"60\" data-height-mobile-landscape=\"60\" style=\"clear:both;display:block;\"><\/div>[vc_row_inner content_placement=&#8220;middle&#8220; el_class=&#8220;reverse&#8220;][vc_column_inner offset=&#8220;vc_col-lg-4 vc_col-md-4 vc_col-xs-12&#8243;][vc_media_grid element_width=&#8220;12&#8243; gap=&#8220;0&#8243; grid_id=&#8220;vc_gid:1652268176024-12f1ac52-22bb-8&#8243; include=&#8220;3402&#8243; el_class=&#8220;single-img&#8220;][\/vc_column_inner][vc_column_inner offset=&#8220;vc_col-lg-8 vc_col-md-8 vc_col-xs-12&#8243;][vc_column_text el_class=&#8220;.custom-ul cta&#8220;]<\/p>\n<h3>Gruppen<\/h3>\n<p>Mine. 6 Leute<\/p>\n<p>Wir haben Zimmer und 1-Zimmer-Apartments zwischen 15 und 40 m2, sodass Mama, Papa und die Kinder, Teenager und Gro\u00dfeltern in unterschiedlich gro\u00dfen Zimmern Platz finden.<br \/>\nKind unter 3 Jahren schl\u00e4ft kostenlos im Bett der Eltern.<\/p>\n<p>Wir passen Ihre Versammlung an und sind in Gruppen von mehr als 20 Personen, in Zusammenarbeit mit unseren Kollegen im Stadtzentrum k\u00f6nnen wir Sie alle problemlos unterbringen.[\/vc_column_text][vc_empty_space height=&#8220;15px&#8220;][vc_btn title=&#8220;Buchen hier&#8220; style=&#8220;custom&#8220; custom_background=&#8220;#29a78d&#8220; custom_text=&#8220;#ffffff&#8220; shape=&#8220;square&#8220; align=&#8220;left&#8220; link=&#8220;url:https%3A%2F%2Fbooking.octopuspms.com%2FRoomBook%3FCode%3D39870e94-4004-4d53-abf0-c5368b32e092|target:_blank|&#8220;]<div class=\"ult-spacer spacer-69ea6ba78c3c1\" data-id=\"69ea6ba78c3c1\" data-height=\"0\" data-height-mobile=\"60\" data-height-tab=\"0\" data-height-tab-portrait=\"60\" data-height-mobile-landscape=\"60\" style=\"clear:both;display:block;\"><\/div>[\/vc_column_inner][\/vc_row_inner]<div class=\"ult-spacer spacer-69ea6ba78c3de\" data-id=\"69ea6ba78c3de\" data-height=\"90\" data-height-mobile=\"60\" data-height-tab=\"90\" data-height-tab-portrait=\"60\" data-height-mobile-landscape=\"60\" style=\"clear:both;display:block;\"><\/div>[\/vc_column][\/vc_row][vc_row full_width=&#8220;stretch_row&#8220; css_animation=&#8220;none&#8220; el_class=&#8220;parallax&#8220; css=&#8220;.vc_custom_1649323717651{background-image: url(https:\/\/faaborgbyferie.dk\/wp-content\/uploads\/2022\/04\/istock-1316061132-min-scaled.jpg?id=3317) !important;background-position: center !important;background-repeat: no-repeat !important;background-size: cover !important;}&#8220;][vc_column css_animation=&#8220;none&#8220;]<div class=\"ult-spacer spacer-69ea6ba78c3fb\" data-id=\"69ea6ba78c3fb\" data-height=\"300\" data-height-mobile=\"250\" data-height-tab=\"300\" data-height-tab-portrait=\"300\" data-height-mobile-landscape=\"250\" style=\"clear:both;display:block;\"><\/div>[\/vc_column][\/vc_row]<\/p>\n<\/section>","protected":false},"excerpt":{"rendered":"<p>[vc_row full_width=&#8220;stretch_row_content&#8220; el_class=&#8220;stretch-full&#8220;][vc_column][vc_row_inner content_placement=&#8220;middle&#8220; el_class=&#8220;reverse&#8220;][vc_column_inner offset=&#8220;vc_col-lg-4 vc_col-md-4 vc_col-xs-12&#8243;][vc_media_grid element_width=&#8220;12&#8243; gap=&#8220;0&#8243; grid_id=&#8220;vc_gid:1652268176016-7885dcd1-8924-5&#8243; include=&#8220;3388&#8243; el_class=&#8220;single-img&#8220;][\/vc_column_inner][vc_column_inner offset=&#8220;vc_col-lg-8 vc_col-md-8 vc_col-xs-12&#8243;][vc_column_text el_class=&#8220;.custom-ul cta&#8220;] Wochenendaufenthalt Preise ab DKK 799,- pro Person Person W\u00e4hlen Sie aus mehreren unserer fantastischen Restaurants in der Stadt Magasingaarden Verdammt am Brunnen Das wei\u00dfe Lager Der Pelato Fr\u00fchst\u00fccksbuffet oder Fr\u00fchst\u00fcckspaket im Zimmer 1 oder 2 Tage [\/vc_column_text][vc_empty_space &#8230; <a title=\"Angebot\" class=\"read-more\" href=\"https:\/\/faaborgbyferie.dk\/de\/angebot\/\" aria-label=\"Mehr zu Angebot\">Weiterlesen &#8230;<\/a><\/p>\n","protected":false},"author":1,"featured_media":0,"parent":0,"menu_order":6,"comment_status":"closed","ping_status":"closed","template":"","meta":{"_acf_changed":false,"footnotes":""},"categories":[],"class_list":["post-3819","page","type-page","status-publish"],"acf":[],"yoast_head":"<!-- This site is optimized with the Yoast SEO plugin v27.2 - https:\/\/yoast.com\/product\/yoast-seo-wordpress\/ -->\n<title>Angebot &#183; Faaborg Byferie<\/title>\n<meta name=\"robots\" content=\"index, follow, max-snippet:-1, max-image-preview:large, max-video-preview:-1\" \/>\n<link rel=\"canonical\" href=\"https:\/\/faaborgbyferie.dk\/de\/angebot\/\" \/>\n<meta property=\"og:locale\" content=\"de_DE\" \/>\n<meta property=\"og:type\" content=\"article\" \/>\n<meta property=\"og:title\" content=\"Angebot &#183; Faaborg Byferie\" \/>\n<meta property=\"og:description\" content=\"[vc_row full_width=&#8220;stretch_row_content&#8220; el_class=&#8220;stretch-full&#8220;][vc_column][vc_row_inner content_placement=&#8220;middle&#8220; el_class=&#8220;reverse&#8220;][vc_column_inner offset=&#8220;vc_col-lg-4 vc_col-md-4 vc_col-xs-12&#8243;][vc_media_grid element_width=&#8220;12&#8243; gap=&#8220;0&#8243; grid_id=&#8220;vc_gid:1652268176016-7885dcd1-8924-5&#8243; include=&#8220;3388&#8243; el_class=&#8220;single-img&#8220;][\/vc_column_inner][vc_column_inner offset=&#8220;vc_col-lg-8 vc_col-md-8 vc_col-xs-12&#8243;][vc_column_text el_class=&#8220;.custom-ul cta&#8220;] Wochenendaufenthalt Preise ab DKK 799,- pro Person Person W\u00e4hlen Sie aus mehreren unserer fantastischen Restaurants in der Stadt Magasingaarden Verdammt am Brunnen Das wei\u00dfe Lager Der Pelato Fr\u00fchst\u00fccksbuffet oder Fr\u00fchst\u00fcckspaket im Zimmer 1 oder 2 Tage [\/vc_column_text][vc_empty_space ... Weiterlesen ...\" \/>\n<meta property=\"og:url\" content=\"https:\/\/faaborgbyferie.dk\/de\/angebot\/\" \/>\n<meta property=\"og:site_name\" content=\"Faaborg Byferie\" \/>\n<meta property=\"article:modified_time\" content=\"2022-10-20T06:50:30+00:00\" \/>\n<meta name=\"twitter:card\" content=\"summary_large_image\" \/>\n<meta name=\"twitter:label1\" content=\"Gesch\u00e4tzte Lesezeit\" \/>\n\t<meta name=\"twitter:data1\" content=\"6\u00a0Minuten\" \/>\n<script type=\"application\/ld+json\" class=\"yoast-schema-graph\">{\"@context\":\"https:\/\/schema.org\",\"@graph\":[{\"@type\":\"WebPage\",\"@id\":\"https:\/\/faaborgbyferie.dk\/de\/angebot\/\",\"url\":\"https:\/\/faaborgbyferie.dk\/de\/angebot\/\",\"name\":\"Angebot &#183; Faaborg Byferie\",\"isPartOf\":{\"@id\":\"https:\/\/faaborgbyferie.dk\/de\/#website\"},\"datePublished\":\"2022-04-07T08:27:20+00:00\",\"dateModified\":\"2022-10-20T06:50:30+00:00\",\"breadcrumb\":{\"@id\":\"https:\/\/faaborgbyferie.dk\/de\/angebot\/#breadcrumb\"},\"inLanguage\":\"de\",\"potentialAction\":[{\"@type\":\"ReadAction\",\"target\":[\"https:\/\/faaborgbyferie.dk\/de\/angebot\/\"]}]},{\"@type\":\"BreadcrumbList\",\"@id\":\"https:\/\/faaborgbyferie.dk\/de\/angebot\/#breadcrumb\",\"itemListElement\":[{\"@type\":\"ListItem\",\"position\":1,\"name\":\"Hjem\",\"item\":\"https:\/\/faaborgbyferie.dk\/de\/\"},{\"@type\":\"ListItem\",\"position\":2,\"name\":\"Angebot\"}]},{\"@type\":\"WebSite\",\"@id\":\"https:\/\/faaborgbyferie.dk\/de\/#website\",\"url\":\"https:\/\/faaborgbyferie.dk\/de\/\",\"name\":\"Faaborg Byferie\",\"description\":\"Hotel og vandrehjem i Faaborg p\u00e5 Sydfyn\",\"publisher\":{\"@id\":\"https:\/\/faaborgbyferie.dk\/de\/#organization\"},\"potentialAction\":[{\"@type\":\"SearchAction\",\"target\":{\"@type\":\"EntryPoint\",\"urlTemplate\":\"https:\/\/faaborgbyferie.dk\/de\/?s={search_term_string}\"},\"query-input\":{\"@type\":\"PropertyValueSpecification\",\"valueRequired\":true,\"valueName\":\"search_term_string\"}}],\"inLanguage\":\"de\"},{\"@type\":\"Organization\",\"@id\":\"https:\/\/faaborgbyferie.dk\/de\/#organization\",\"name\":\"Faaborg Byferie\",\"url\":\"https:\/\/faaborgbyferie.dk\/de\/\",\"logo\":{\"@type\":\"ImageObject\",\"inLanguage\":\"de\",\"@id\":\"https:\/\/faaborgbyferie.dk\/de\/#\/schema\/logo\/image\/\",\"url\":\"https:\/\/faaborgbyferie.dk\/wp-content\/uploads\/2024\/05\/faaborg-byferie-colour-300.png\",\"contentUrl\":\"https:\/\/faaborgbyferie.dk\/wp-content\/uploads\/2024\/05\/faaborg-byferie-colour-300.png\",\"width\":1701,\"height\":1122,\"caption\":\"Faaborg Byferie\"},\"image\":{\"@id\":\"https:\/\/faaborgbyferie.dk\/de\/#\/schema\/logo\/image\/\"}}]}<\/script>\n<!-- \/ Yoast SEO plugin. -->","yoast_head_json":{"title":"Angebot &#183; Faaborg Byferie","robots":{"index":"index","follow":"follow","max-snippet":"max-snippet:-1","max-image-preview":"max-image-preview:large","max-video-preview":"max-video-preview:-1"},"canonical":"https:\/\/faaborgbyferie.dk\/de\/angebot\/","og_locale":"de_DE","og_type":"article","og_title":"Angebot &#183; Faaborg Byferie","og_description":"[vc_row full_width=&#8220;stretch_row_content&#8220; el_class=&#8220;stretch-full&#8220;][vc_column][vc_row_inner content_placement=&#8220;middle&#8220; el_class=&#8220;reverse&#8220;][vc_column_inner offset=&#8220;vc_col-lg-4 vc_col-md-4 vc_col-xs-12&#8243;][vc_media_grid element_width=&#8220;12&#8243; gap=&#8220;0&#8243; grid_id=&#8220;vc_gid:1652268176016-7885dcd1-8924-5&#8243; include=&#8220;3388&#8243; el_class=&#8220;single-img&#8220;][\/vc_column_inner][vc_column_inner offset=&#8220;vc_col-lg-8 vc_col-md-8 vc_col-xs-12&#8243;][vc_column_text el_class=&#8220;.custom-ul cta&#8220;] Wochenendaufenthalt Preise ab DKK 799,- pro Person Person W\u00e4hlen Sie aus mehreren unserer fantastischen Restaurants in der Stadt Magasingaarden Verdammt am Brunnen Das wei\u00dfe Lager Der Pelato Fr\u00fchst\u00fccksbuffet oder Fr\u00fchst\u00fcckspaket im Zimmer 1 oder 2 Tage [\/vc_column_text][vc_empty_space ... Weiterlesen ...","og_url":"https:\/\/faaborgbyferie.dk\/de\/angebot\/","og_site_name":"Faaborg Byferie","article_modified_time":"2022-10-20T06:50:30+00:00","twitter_card":"summary_large_image","twitter_misc":{"Gesch\u00e4tzte Lesezeit":"6\u00a0Minuten"},"schema":{"@context":"https:\/\/schema.org","@graph":[{"@type":"WebPage","@id":"https:\/\/faaborgbyferie.dk\/de\/angebot\/","url":"https:\/\/faaborgbyferie.dk\/de\/angebot\/","name":"Angebot &#183; Faaborg Byferie","isPartOf":{"@id":"https:\/\/faaborgbyferie.dk\/de\/#website"},"datePublished":"2022-04-07T08:27:20+00:00","dateModified":"2022-10-20T06:50:30+00:00","breadcrumb":{"@id":"https:\/\/faaborgbyferie.dk\/de\/angebot\/#breadcrumb"},"inLanguage":"de","potentialAction":[{"@type":"ReadAction","target":["https:\/\/faaborgbyferie.dk\/de\/angebot\/"]}]},{"@type":"BreadcrumbList","@id":"https:\/\/faaborgbyferie.dk\/de\/angebot\/#breadcrumb","itemListElement":[{"@type":"ListItem","position":1,"name":"Hjem","item":"https:\/\/faaborgbyferie.dk\/de\/"},{"@type":"ListItem","position":2,"name":"Angebot"}]},{"@type":"WebSite","@id":"https:\/\/faaborgbyferie.dk\/de\/#website","url":"https:\/\/faaborgbyferie.dk\/de\/","name":"Faaborg Byferie","description":"Hotel og vandrehjem i Faaborg p\u00e5 Sydfyn","publisher":{"@id":"https:\/\/faaborgbyferie.dk\/de\/#organization"},"potentialAction":[{"@type":"SearchAction","target":{"@type":"EntryPoint","urlTemplate":"https:\/\/faaborgbyferie.dk\/de\/?s={search_term_string}"},"query-input":{"@type":"PropertyValueSpecification","valueRequired":true,"valueName":"search_term_string"}}],"inLanguage":"de"},{"@type":"Organization","@id":"https:\/\/faaborgbyferie.dk\/de\/#organization","name":"Faaborg Byferie","url":"https:\/\/faaborgbyferie.dk\/de\/","logo":{"@type":"ImageObject","inLanguage":"de","@id":"https:\/\/faaborgbyferie.dk\/de\/#\/schema\/logo\/image\/","url":"https:\/\/faaborgbyferie.dk\/wp-content\/uploads\/2024\/05\/faaborg-byferie-colour-300.png","contentUrl":"https:\/\/faaborgbyferie.dk\/wp-content\/uploads\/2024\/05\/faaborg-byferie-colour-300.png","width":1701,"height":1122,"caption":"Faaborg Byferie"},"image":{"@id":"https:\/\/faaborgbyferie.dk\/de\/#\/schema\/logo\/image\/"}}]}},"_links":{"self":[{"href":"https:\/\/faaborgbyferie.dk\/de\/wp-json\/wp\/v2\/pages\/3819","targetHints":{"allow":["GET"]}}],"collection":[{"href":"https:\/\/faaborgbyferie.dk\/de\/wp-json\/wp\/v2\/pages"}],"about":[{"href":"https:\/\/faaborgbyferie.dk\/de\/wp-json\/wp\/v2\/types\/page"}],"author":[{"embeddable":true,"href":"https:\/\/faaborgbyferie.dk\/de\/wp-json\/wp\/v2\/users\/1"}],"replies":[{"embeddable":true,"href":"https:\/\/faaborgbyferie.dk\/de\/wp-json\/wp\/v2\/comments?post=3819"}],"version-history":[{"count":2,"href":"https:\/\/faaborgbyferie.dk\/de\/wp-json\/wp\/v2\/pages\/3819\/revisions"}],"predecessor-version":[{"id":3821,"href":"https:\/\/faaborgbyferie.dk\/de\/wp-json\/wp\/v2\/pages\/3819\/revisions\/3821"}],"wp:attachment":[{"href":"https:\/\/faaborgbyferie.dk\/de\/wp-json\/wp\/v2\/media?parent=3819"}],"wp:term":[{"taxonomy":"category","embeddable":true,"href":"https:\/\/faaborgbyferie.dk\/de\/wp-json\/wp\/v2\/categories?post=3819"}],"curies":[{"name":"wp","href":"https:\/\/api.w.org\/{rel}","templated":true}]}}