{"id":3798,"date":"2022-04-07T10:27:20","date_gmt":"2022-04-07T08:27:20","guid":{"rendered":"https:\/\/faaborgbyferie.dk\/einzelzimmer\/"},"modified":"2022-10-20T08:43:19","modified_gmt":"2022-10-20T06:43:19","slug":"einzelzimmer","status":"publish","type":"page","link":"https:\/\/faaborgbyferie.dk\/de\/einzelzimmer\/","title":{"rendered":"Einzelzimmer"},"content":{"rendered":"<section class=\"wpb-content-wrapper\"><p>[vc_row full_width=&#8220;stretch_row_content&#8220; el_class=&#8220;stretch-full&#8220;][vc_column]<div class=\"ult-spacer spacer-69ea536834ec4\" data-id=\"69ea536834ec4\" data-height=\"90\" data-height-mobile=\"60\" data-height-tab=\"90\" data-height-tab-portrait=\"60\" data-height-mobile-landscape=\"60\" style=\"clear:both;display:block;\"><\/div>[vc_row_inner content_placement=&#8220;middle&#8220; el_class=&#8220;reverse&#8220;][vc_column_inner offset=&#8220;vc_col-lg-4 vc_col-md-4 vc_col-xs-12&#8243;][vc_media_grid element_width=&#8220;6&#8243; gap=&#8220;15&#8243; grid_id=&#8220;vc_gid:1649670891097-bc2c8438-917b-9&#8243; include=&#8220;3344,3345,3346,3347&#8243;][\/vc_column_inner][vc_column_inner offset=&#8220;vc_col-lg-8 vc_col-md-8 vc_col-xs-12&#8243;][vc_column_text el_class=&#8220;.custom-ul cta&#8220;]<\/p>\n<h2>Einzelzimmer<\/h2>\n<p>Preis kr 595,- Angebot auf mehrere N\u00e4chte<\/p>\n<ul>\n<li>Bettw\u00e4sche \u2013 Handt\u00fccher \u2013 Reinigung<\/li>\n<li>Kleine sch\u00f6ne Zimmer mit TV \u2013 30 Kan\u00e4le<\/li>\n<li>Neues Bad<\/li>\n<li>Trinette K\u00fchlschr\u00e4nke, Kaffee und Tee.<\/li>\n<li>Bringen Sie einfach das Brot und Fr\u00fchst\u00fcck wird bereit sein, n\u00e4r Sie es wollen<\/li>\n<li>Kostenlos Internet<\/li>\n<li>Parken im geschlossenen Hof<\/li>\n<li>Ein Fr\u00fchst\u00fcckstablett kann gekauft werden f\u00fcr kr 75,- pr. Person<\/li>\n<\/ul>\n<p>[\/vc_column_text][vc_empty_space height=&#8220;15px&#8220;][vc_btn title=&#8220;Buchen hier&#8220; style=&#8220;custom&#8220; custom_background=&#8220;#29a78d&#8220; custom_text=&#8220;#ffffff&#8220; shape=&#8220;square&#8220; align=&#8220;left&#8220; link=&#8220;url:https%3A%2F%2Fbooking.octopuspms.com%2FRoomBook%3FCode%3D39870e94-4004-4d53-abf0-c5368b32e092|target:_blank|&#8220;]<div class=\"ult-spacer spacer-69ea536834f09\" data-id=\"69ea536834f09\" data-height=\"0\" data-height-mobile=\"60\" data-height-tab=\"0\" data-height-tab-portrait=\"60\" data-height-mobile-landscape=\"60\" style=\"clear:both;display:block;\"><\/div>[\/vc_column_inner][\/vc_row_inner]<div class=\"ult-spacer spacer-69ea536834f31\" data-id=\"69ea536834f31\" data-height=\"90\" data-height-mobile=\"60\" data-height-tab=\"90\" data-height-tab-portrait=\"60\" data-height-mobile-landscape=\"60\" style=\"clear:both;display:block;\"><\/div>[\/vc_column][\/vc_row]<\/p>\n<\/section>","protected":false},"excerpt":{"rendered":"<p>[vc_row full_width=&#8220;stretch_row_content&#8220; el_class=&#8220;stretch-full&#8220;][vc_column][vc_row_inner content_placement=&#8220;middle&#8220; el_class=&#8220;reverse&#8220;][vc_column_inner offset=&#8220;vc_col-lg-4 vc_col-md-4 vc_col-xs-12&#8243;][vc_media_grid element_width=&#8220;6&#8243; gap=&#8220;15&#8243; grid_id=&#8220;vc_gid:1649670891097-bc2c8438-917b-9&#8243; include=&#8220;3344,3345,3346,3347&#8243;][\/vc_column_inner][vc_column_inner offset=&#8220;vc_col-lg-8 vc_col-md-8 vc_col-xs-12&#8243;][vc_column_text el_class=&#8220;.custom-ul cta&#8220;] Einzelzimmer Preis kr 595,- Angebot auf mehrere N\u00e4chte Bettw\u00e4sche \u2013 Handt\u00fccher \u2013 Reinigung Kleine sch\u00f6ne Zimmer mit TV \u2013 30 Kan\u00e4le Neues Bad Trinette K\u00fchlschr\u00e4nke, Kaffee und Tee. Bringen Sie einfach das Brot und Fr\u00fchst\u00fcck wird bereit sein, &#8230; <a title=\"Einzelzimmer\" class=\"read-more\" href=\"https:\/\/faaborgbyferie.dk\/de\/einzelzimmer\/\" aria-label=\"Mehr zu Einzelzimmer\">Weiterlesen &#8230;<\/a><\/p>\n","protected":false},"author":1,"featured_media":0,"parent":0,"menu_order":2,"comment_status":"closed","ping_status":"closed","template":"","meta":{"_acf_changed":false,"footnotes":""},"categories":[],"class_list":["post-3798","page","type-page","status-publish"],"acf":[],"yoast_head":"<!-- This site is optimized with the Yoast SEO plugin v27.2 - https:\/\/yoast.com\/product\/yoast-seo-wordpress\/ -->\n<title>Einzelzimmer &#183; Faaborg Byferie<\/title>\n<meta name=\"robots\" content=\"index, follow, max-snippet:-1, max-image-preview:large, max-video-preview:-1\" \/>\n<link rel=\"canonical\" href=\"https:\/\/faaborgbyferie.dk\/de\/einzelzimmer\/\" \/>\n<meta property=\"og:locale\" content=\"de_DE\" \/>\n<meta property=\"og:type\" content=\"article\" \/>\n<meta property=\"og:title\" content=\"Einzelzimmer &#183; Faaborg Byferie\" \/>\n<meta property=\"og:description\" content=\"[vc_row full_width=&#8220;stretch_row_content&#8220; el_class=&#8220;stretch-full&#8220;][vc_column][vc_row_inner content_placement=&#8220;middle&#8220; el_class=&#8220;reverse&#8220;][vc_column_inner offset=&#8220;vc_col-lg-4 vc_col-md-4 vc_col-xs-12&#8243;][vc_media_grid element_width=&#8220;6&#8243; gap=&#8220;15&#8243; grid_id=&#8220;vc_gid:1649670891097-bc2c8438-917b-9&#8243; include=&#8220;3344,3345,3346,3347&#8243;][\/vc_column_inner][vc_column_inner offset=&#8220;vc_col-lg-8 vc_col-md-8 vc_col-xs-12&#8243;][vc_column_text el_class=&#8220;.custom-ul cta&#8220;] Einzelzimmer Preis kr 595,- Angebot auf mehrere N\u00e4chte Bettw\u00e4sche \u2013 Handt\u00fccher \u2013 Reinigung Kleine sch\u00f6ne Zimmer mit TV \u2013 30 Kan\u00e4le Neues Bad Trinette K\u00fchlschr\u00e4nke, Kaffee und Tee. Bringen Sie einfach das Brot und Fr\u00fchst\u00fcck wird bereit sein, ... Weiterlesen ...\" \/>\n<meta property=\"og:url\" content=\"https:\/\/faaborgbyferie.dk\/de\/einzelzimmer\/\" \/>\n<meta property=\"og:site_name\" content=\"Faaborg Byferie\" \/>\n<meta property=\"article:modified_time\" content=\"2022-10-20T06:43:19+00:00\" \/>\n<meta name=\"twitter:card\" content=\"summary_large_image\" \/>\n<meta name=\"twitter:label1\" content=\"Gesch\u00e4tzte Lesezeit\" \/>\n\t<meta name=\"twitter:data1\" content=\"1\u00a0Minute\" \/>\n<script type=\"application\/ld+json\" class=\"yoast-schema-graph\">{\"@context\":\"https:\/\/schema.org\",\"@graph\":[{\"@type\":\"WebPage\",\"@id\":\"https:\/\/faaborgbyferie.dk\/de\/einzelzimmer\/\",\"url\":\"https:\/\/faaborgbyferie.dk\/de\/einzelzimmer\/\",\"name\":\"Einzelzimmer &#183; Faaborg Byferie\",\"isPartOf\":{\"@id\":\"https:\/\/faaborgbyferie.dk\/de\/#website\"},\"datePublished\":\"2022-04-07T08:27:20+00:00\",\"dateModified\":\"2022-10-20T06:43:19+00:00\",\"breadcrumb\":{\"@id\":\"https:\/\/faaborgbyferie.dk\/de\/einzelzimmer\/#breadcrumb\"},\"inLanguage\":\"de\",\"potentialAction\":[{\"@type\":\"ReadAction\",\"target\":[\"https:\/\/faaborgbyferie.dk\/de\/einzelzimmer\/\"]}]},{\"@type\":\"BreadcrumbList\",\"@id\":\"https:\/\/faaborgbyferie.dk\/de\/einzelzimmer\/#breadcrumb\",\"itemListElement\":[{\"@type\":\"ListItem\",\"position\":1,\"name\":\"Hjem\",\"item\":\"https:\/\/faaborgbyferie.dk\/de\/\"},{\"@type\":\"ListItem\",\"position\":2,\"name\":\"Einzelzimmer\"}]},{\"@type\":\"WebSite\",\"@id\":\"https:\/\/faaborgbyferie.dk\/de\/#website\",\"url\":\"https:\/\/faaborgbyferie.dk\/de\/\",\"name\":\"Faaborg Byferie\",\"description\":\"Hotel og vandrehjem i Faaborg p\u00e5 Sydfyn\",\"publisher\":{\"@id\":\"https:\/\/faaborgbyferie.dk\/de\/#organization\"},\"potentialAction\":[{\"@type\":\"SearchAction\",\"target\":{\"@type\":\"EntryPoint\",\"urlTemplate\":\"https:\/\/faaborgbyferie.dk\/de\/?s={search_term_string}\"},\"query-input\":{\"@type\":\"PropertyValueSpecification\",\"valueRequired\":true,\"valueName\":\"search_term_string\"}}],\"inLanguage\":\"de\"},{\"@type\":\"Organization\",\"@id\":\"https:\/\/faaborgbyferie.dk\/de\/#organization\",\"name\":\"Faaborg Byferie\",\"url\":\"https:\/\/faaborgbyferie.dk\/de\/\",\"logo\":{\"@type\":\"ImageObject\",\"inLanguage\":\"de\",\"@id\":\"https:\/\/faaborgbyferie.dk\/de\/#\/schema\/logo\/image\/\",\"url\":\"https:\/\/faaborgbyferie.dk\/wp-content\/uploads\/2024\/05\/faaborg-byferie-colour-300.png\",\"contentUrl\":\"https:\/\/faaborgbyferie.dk\/wp-content\/uploads\/2024\/05\/faaborg-byferie-colour-300.png\",\"width\":1701,\"height\":1122,\"caption\":\"Faaborg Byferie\"},\"image\":{\"@id\":\"https:\/\/faaborgbyferie.dk\/de\/#\/schema\/logo\/image\/\"}}]}<\/script>\n<!-- \/ Yoast SEO plugin. -->","yoast_head_json":{"title":"Einzelzimmer &#183; Faaborg Byferie","robots":{"index":"index","follow":"follow","max-snippet":"max-snippet:-1","max-image-preview":"max-image-preview:large","max-video-preview":"max-video-preview:-1"},"canonical":"https:\/\/faaborgbyferie.dk\/de\/einzelzimmer\/","og_locale":"de_DE","og_type":"article","og_title":"Einzelzimmer &#183; Faaborg Byferie","og_description":"[vc_row full_width=&#8220;stretch_row_content&#8220; el_class=&#8220;stretch-full&#8220;][vc_column][vc_row_inner content_placement=&#8220;middle&#8220; el_class=&#8220;reverse&#8220;][vc_column_inner offset=&#8220;vc_col-lg-4 vc_col-md-4 vc_col-xs-12&#8243;][vc_media_grid element_width=&#8220;6&#8243; gap=&#8220;15&#8243; grid_id=&#8220;vc_gid:1649670891097-bc2c8438-917b-9&#8243; include=&#8220;3344,3345,3346,3347&#8243;][\/vc_column_inner][vc_column_inner offset=&#8220;vc_col-lg-8 vc_col-md-8 vc_col-xs-12&#8243;][vc_column_text el_class=&#8220;.custom-ul cta&#8220;] Einzelzimmer Preis kr 595,- Angebot auf mehrere N\u00e4chte Bettw\u00e4sche \u2013 Handt\u00fccher \u2013 Reinigung Kleine sch\u00f6ne Zimmer mit TV \u2013 30 Kan\u00e4le Neues Bad Trinette K\u00fchlschr\u00e4nke, Kaffee und Tee. Bringen Sie einfach das Brot und Fr\u00fchst\u00fcck wird bereit sein, ... Weiterlesen ...","og_url":"https:\/\/faaborgbyferie.dk\/de\/einzelzimmer\/","og_site_name":"Faaborg Byferie","article_modified_time":"2022-10-20T06:43:19+00:00","twitter_card":"summary_large_image","twitter_misc":{"Gesch\u00e4tzte Lesezeit":"1\u00a0Minute"},"schema":{"@context":"https:\/\/schema.org","@graph":[{"@type":"WebPage","@id":"https:\/\/faaborgbyferie.dk\/de\/einzelzimmer\/","url":"https:\/\/faaborgbyferie.dk\/de\/einzelzimmer\/","name":"Einzelzimmer &#183; Faaborg Byferie","isPartOf":{"@id":"https:\/\/faaborgbyferie.dk\/de\/#website"},"datePublished":"2022-04-07T08:27:20+00:00","dateModified":"2022-10-20T06:43:19+00:00","breadcrumb":{"@id":"https:\/\/faaborgbyferie.dk\/de\/einzelzimmer\/#breadcrumb"},"inLanguage":"de","potentialAction":[{"@type":"ReadAction","target":["https:\/\/faaborgbyferie.dk\/de\/einzelzimmer\/"]}]},{"@type":"BreadcrumbList","@id":"https:\/\/faaborgbyferie.dk\/de\/einzelzimmer\/#breadcrumb","itemListElement":[{"@type":"ListItem","position":1,"name":"Hjem","item":"https:\/\/faaborgbyferie.dk\/de\/"},{"@type":"ListItem","position":2,"name":"Einzelzimmer"}]},{"@type":"WebSite","@id":"https:\/\/faaborgbyferie.dk\/de\/#website","url":"https:\/\/faaborgbyferie.dk\/de\/","name":"Faaborg Byferie","description":"Hotel og vandrehjem i Faaborg p\u00e5 Sydfyn","publisher":{"@id":"https:\/\/faaborgbyferie.dk\/de\/#organization"},"potentialAction":[{"@type":"SearchAction","target":{"@type":"EntryPoint","urlTemplate":"https:\/\/faaborgbyferie.dk\/de\/?s={search_term_string}"},"query-input":{"@type":"PropertyValueSpecification","valueRequired":true,"valueName":"search_term_string"}}],"inLanguage":"de"},{"@type":"Organization","@id":"https:\/\/faaborgbyferie.dk\/de\/#organization","name":"Faaborg Byferie","url":"https:\/\/faaborgbyferie.dk\/de\/","logo":{"@type":"ImageObject","inLanguage":"de","@id":"https:\/\/faaborgbyferie.dk\/de\/#\/schema\/logo\/image\/","url":"https:\/\/faaborgbyferie.dk\/wp-content\/uploads\/2024\/05\/faaborg-byferie-colour-300.png","contentUrl":"https:\/\/faaborgbyferie.dk\/wp-content\/uploads\/2024\/05\/faaborg-byferie-colour-300.png","width":1701,"height":1122,"caption":"Faaborg Byferie"},"image":{"@id":"https:\/\/faaborgbyferie.dk\/de\/#\/schema\/logo\/image\/"}}]}},"_links":{"self":[{"href":"https:\/\/faaborgbyferie.dk\/de\/wp-json\/wp\/v2\/pages\/3798","targetHints":{"allow":["GET"]}}],"collection":[{"href":"https:\/\/faaborgbyferie.dk\/de\/wp-json\/wp\/v2\/pages"}],"about":[{"href":"https:\/\/faaborgbyferie.dk\/de\/wp-json\/wp\/v2\/types\/page"}],"author":[{"embeddable":true,"href":"https:\/\/faaborgbyferie.dk\/de\/wp-json\/wp\/v2\/users\/1"}],"replies":[{"embeddable":true,"href":"https:\/\/faaborgbyferie.dk\/de\/wp-json\/wp\/v2\/comments?post=3798"}],"version-history":[{"count":5,"href":"https:\/\/faaborgbyferie.dk\/de\/wp-json\/wp\/v2\/pages\/3798\/revisions"}],"predecessor-version":[{"id":3803,"href":"https:\/\/faaborgbyferie.dk\/de\/wp-json\/wp\/v2\/pages\/3798\/revisions\/3803"}],"wp:attachment":[{"href":"https:\/\/faaborgbyferie.dk\/de\/wp-json\/wp\/v2\/media?parent=3798"}],"wp:term":[{"taxonomy":"category","embeddable":true,"href":"https:\/\/faaborgbyferie.dk\/de\/wp-json\/wp\/v2\/categories?post=3798"}],"curies":[{"name":"wp","href":"https:\/\/api.w.org\/{rel}","templated":true}]}}